{"id":87,"date":"2024-09-04T07:26:09","date_gmt":"2024-09-04T07:26:09","guid":{"rendered":"https:\/\/www.starkhattabychtours.com\/it\/?post_type=product&#038;p=87"},"modified":"2024-10-05T08:55:27","modified_gmt":"2024-10-05T08:55:27","slug":"moto-safari-on-atvs","status":"publish","type":"product","link":"https:\/\/www.starkhattabychtours.com\/it\/tour\/moto-safari-on-atvs","title":{"rendered":"Safari in moto su quad"},"content":{"rendered":"<section class=\"wpb-content-wrapper\"><p>[vc_row][vc_column][vc_column_text]<\/p>\n<h2>Tour in quad da tre ore da Hurghada al mattino o al pomeriggio.<\/h2>\n<ul>\n<li>Questa \u00e8 una grande opzione per coloro che vogliono &#8220;correre&#8221; in quad attraverso il deserto arabo. Il giro passa attraverso il deserto fino alle montagne e ritorno, coprendo circa 40 km. Ci sar\u00e0 una fermata in un villaggio beduino dove puoi cavalcare cammelli e scattare foto meravigliose.<\/li>\n<li>Per maggiori emozioni e impressioni, puoi scegliere altri tour safari a Hurghada.<\/li>\n<li>Costo del tour: Singolo $15, 2 posti $20 (peso totale non superiore a 150 kg); Individuale +$15 (indipendentemente dal numero di persone, vedere le informazioni aggiuntive di seguito).<\/li>\n<li>Importante: I bambini e gli adolescenti sotto i 12 anni non sono ammessi al tour. La guida del quad bike \u00e8 consentita a partire dai 14 anni (discussa individualmente sul posto).<\/li>\n<li>Per i tour di famiglia, vedere il tour Super Safari da $15.<\/li>\n<li>Per coloro che non vogliono andare al villaggio beduino, c&#8217;\u00e8 un giro in quad regolare per $12 &#8211; descrizione qui.<\/li>\n<li>Se vuoi percorrere un percorso diverso per $25 a persona o prendere lo stesso percorso su una buggy, vai al programma Buggy o Quad to the Sea.<\/li>\n<\/ul>\n<h3>Cosa \u00e8 incluso nel tour:<\/h3>\n<p>Trasferimento dall&#8217;hotel alla base dei quad bike intorno alle 7:30 (8:30 in inverno) o alle 14:30 (l&#8217;ora esatta verr\u00e0 comunicata dopo la prenotazione, il viaggio dura circa 20-40 minuti, a seconda della posizione dell&#8217;hotel)<br \/>\nIstruzione di guida del quad bike<br \/>\nGuidare il quad bike per circa 1,5 ore (andata e ritorno con una sosta al villaggio beduino)<br \/>\nGiro in cammello e sessione fotografica per circa 5-10 minuti<br \/>\nT\u00e8 al villaggio beduino<br \/>\nViaggio di ritorno alla base<br \/>\nRitorno in hotel intorno alle 11:30 o alle 17:30<\/p>\n<h3>Incluso nel prezzo del tour:<\/h3>\n<p>Tutte le attivit\u00e0<br \/>\nServizi di una guida di lingua russa<br \/>\nTrasporto a Hurghada (aree El Gouna, Sahl Hasheesh e Makadi Bay &#8211; pagamento aggiuntivo di $10 in entrambe le direzioni. Aree Soma Bay e Safaga &#8211; pagamento aggiuntivo di $20* in entrambe le direzioni. Il prezzo \u00e8 indicato per una prenotazione in entrambe le direzioni, fino a 6 persone. Il trasferimento pu\u00f2 essere di gruppo)<\/p>\n<h3>Non incluso nel prezzo del tour:<\/h3>\n<p>Shemagh (sciarpa per testa e viso) &#8211; pu\u00f2 essere acquistato sul posto ($2-3)<br \/>\nOcchiali anti-polvere &#8211; possono essere noleggiati o acquistati sul posto ($2-5)<\/p>\n<h2>Informazioni aggiuntive:<\/h2>\n<p>Il gruppo pu\u00f2 essere composto da 10-20 veicoli<br \/>\nImportante: Se hai ordinato un quad bike per due e il peso totale di due persone \u00e8 superiore a 150 kg, viene offerto un quad bike separato con un pagamento aggiuntivo per la differenza di costo; oppure una persona rimane alla base, l&#8217;importo pagato non viene rimborsato; se una persona non riesce a guidare un quad bike separato, viene trasferita alla seconda persona come passeggero o all&#8217;istruttore &#8211; il costo non viene rimborsato[\/vc_column_text][\/vc_column][\/vc_row][vc_section][vc_row][vc_column]<div id=\"kapee-header-90475\" class=\"kapee-element kapee-heading text-left kapee-width-100 separator-none separator-between-heading\">\t\n\t\t\t\n\t\t\t<div class=\"heading-wrap\">\n\t\t\t<span class=\"separator-left\"><\/span>\n\t\t\t<h2 class=\"heading-title\">Domande frequenti (FAQ): <\/h2>\t\t\t<span class=\"separator-right\"><\/span>\n\t\t\t\t\t<\/div>\n\t\t\n    <\/div>[vc_toggle title=&#8221;Il vostro prezzo \u00e8 cos\u00ec basso&#8230; Probabilmente state facendo un servizio di bassa qualit\u00e0?&#8221; style=&#8221;square_outline&#8221; color=&#8221;sky&#8221;]Offriamo davvero alcuni dei prezzi pi\u00f9 bassi mantenendo un alto livello di servizio. Il motivo \u00e8 che siamo una societ\u00e0 di prenotazioni online per grandi operatori turistici in Egitto, il che ci consente di offrire prezzi molto competitivi grazie al nostro ampio volume di turisti. Prenotando con noi, ricevi un servizio di alta qualit\u00e0 senza pagare eccessivamente gli intermediari.[\/vc_toggle][vc_toggle title=&#8221;Che tipo di autobus e trasferimenti avete?&#8221; style=&#8221;square_outline&#8221; color=&#8221;sky&#8221;]Una variet\u00e0 di trasporti \u00e8 disponibile per l&#8217;uso degli organizzatori dell&#8217;evento all&#8217;interno del parco, tra cui auto, minivan e comodi autobus. Tutti i veicoli sono dotati di aria condizionata e sistemi di sicurezza. Per viaggi pi\u00f9 lunghi, vengono forniti autobus con servizi igienici. Inoltre, tutti i veicoli vengono sottoposti a regolari controlli di manutenzione e sanificazione, e possiedono le necessarie autorizzazioni turistiche. Inoltre, i conducenti vengono sottoposti a ispezioni dalla polizia turistica prima di ogni lungo viaggio.[\/vc_toggle][vc_toggle title=&#8221;Come e quando pago per il tour?&#8221; style=&#8221;square_outline&#8221; color=&#8221;sky&#8221;]Lavoriamo senza pagamento anticipato. Tutti i tour di gruppo vengono pagati sull&#8217;autobus o durante il tour stesso. Le eccezioni sono i pagamenti anticipati per i tour privati e i tour che richiedono l&#8217;acquisto di biglietti aerei o l&#8217;elaborazione di documenti. I nostri programmi principali vengono pagati direttamente durante il trasferimento o all&#8217;inizio del tour. Non \u00e8 necessario cercare qualcuno per pagare il tour. Un dipendente dell&#8217;organizzatore si avviciner\u00e0 a te. Puoi pagare in contanti in dollari USA, euro o sterline egiziane. Per la tua comodit\u00e0, offriamo anche la possibilit\u00e0 di trasferire fondi su una carta bancaria in rubli, grivnie ed euro al tasso di cambio o su un portafoglio di criptovaluta in USDT, prima del tour. Per informazioni pi\u00f9 dettagliate sui metodi di pagamento e sui rimborsi, consulta qui.[\/vc_toggle][vc_toggle title=&#8221;Hai una licenza turistica?&#8221; style=&#8221;square_outline&#8221; color=&#8221;sky&#8221;]L&#8217;Egitto \u00e8 un paese altamente regolamentato, specialmente quando si tratta di turismo. Affinch\u00e9 qualsiasi veicolo o yacht possa partire per un&#8217;escursione, \u00e8 necessario ottenere permessi giornalieri sia dalla polizia che dai militari. Se gli operatori turistici non hanno una valida licenza turistica, naturalmente non gli verranno concessi questi permessi. Ecco perch\u00e9 per alcune escursioni, potremmo richiedere copie dei vostri voucher e passaporti (questo vale per le escursioni marine a Sharm El-Sheikh, i tour privati e alcuni tour di gruppo se coinvolgono l&#8217;uscita dalla citt\u00e0. Per altre escursioni, i permessi vengono semplicemente rilasciati in base al numero di persone e non sono necessari i dettagli del passaporto).[\/vc_toggle][vc_toggle title=&#8221;Siamo assicurati durante l&#8217;escursione?&#8221; style=&#8221;square_outline&#8221; color=&#8221;sky&#8221;]<\/p>\n<p data-sourcepos=\"3:1-3:250\">Sfortunatamente, alcune guide degli hotel cercano di convincere i turisti che la loro assicurazione di viaggio \u00e8 presumibilmente invalida se prenotano escursioni con operatori turistici esterni, invece della loro stessa compagnia. Questo non \u00e8 vero.<\/p>\n<p data-sourcepos=\"5:1-5:148\">Innanzitutto, la tua assicurazione di viaggio \u00e8 valida in tutto l&#8217;Egitto, proprio come lo sarebbe se prenotassi con la compagnia di tour dell&#8217;hotel.<\/p>\n<p data-sourcepos=\"7:1-7:381\">In secondo luogo, se sei su una barca, un autobus o un altro mezzo di trasporto, l&#8217;organizzatore si assume la piena responsabilit\u00e0 assicurativa nei confronti dei passeggeri. Altrimenti, semplicemente non sarebbero in grado di ottenere un permesso per condurre attivit\u00e0 turistiche. L&#8217;Egitto ha regolamenti turistici piuttosto rigidi e sono necessari permessi prima di ogni viaggio.<\/p>\n<p>[\/vc_toggle][vc_toggle title=&#8221;Come posso recuperare un oggetto perso durante un tour?&#8221; style=&#8221;square_outline&#8221; color=&#8221;sky&#8221;]Ricordiamo sempre ai nostri ospiti di controllare attentamente di avere con s\u00e9 tutti i loro effetti personali prima di uscire dall&#8217;autobus o dallo yacht alla fine del tour. Sfortunatamente, recuperare oggetti smarriti pu\u00f2 essere piuttosto difficile a causa della partenza immediata dei veicoli per la pulizia e le complessit\u00e0 della logistica egiziana. Sebbene faremo il possibile per aiutarti a ritrovare i tuoi effetti personali, non possiamo garantire un tasso di recupero del 100%. Se riusciamo a trovare il tuo oggetto, ci sar\u00e0 una tassa di consegna di $5-10. Si prega di prestare attenzione ai propri effetti personali![\/vc_toggle][vc_toggle title=&#8221;Dovrei modificare i miei piani o aspettare per il tour?&#8221; style=&#8221;square_outline&#8221; color=&#8221;sky&#8221;]Abbiamo un significativo afflusso giornaliero di richieste di prenotazione per i nostri programmi da parte dei turisti. Di conseguenza, la maggior parte delle escursioni vengono organizzate quotidianamente o in specifici giorni della settimana seguendo un programma dettagliato fornito nella descrizione di ciascun programma. Dopo la prenotazione, ti invieremo l&#8217;ora esatta del prelievo dal tuo hotel. Molti tour saranno condotti con piccoli gruppi provenienti da vari hotel che hanno acquistato escursioni attraverso gli operatori turistici. L&#8217;unica differenza \u00e8 che i nostri prezzi sono del 40-60% pi\u00f9 bassi (i nostri organizzatori conducono tutte le principali escursioni a Hurghada e Sharm El-Sheikh per turisti di lingua russa).[\/vc_toggle][vc_toggle title=&#8221;Dove posso trovare il fotografo che ha scattato le foto durante il tour?&#8221; style=&#8221;square_outline&#8221; color=&#8221;sky&#8221;]Vorremmo informarvi che i fotografi che vi accompagnano durante le escursioni agiscono come rappresentanti indipendenti dei loro studi fotografici. Non fanno parte del nostro servizio online o del team organizzatore del programma. Tutti i termini e le condizioni relativi al servizio fotografico e al suo pagamento vengono discussi e concordati direttamente tra voi e il fotografo. Consigliamo di avvicinarsi ai pagamenti anticipati con cautela e di assicurarsi l&#8217;affidabilit\u00e0 dei servizi, nonch\u00e9 di ottenere tutte le informazioni di contatto del fotografo prima di effettuare qualsiasi pagamento.[\/vc_toggle][\/vc_column][\/vc_row][\/vc_section]<\/p>\n<\/section>","protected":false},"excerpt":{"rendered":"<p>Prezzo:<br \/>\nAdulti (1 persona = 1 quad) &#8211; $15<br \/>\nDoppia (prezzo per 2 persone) &#8211; $20<br \/>\nDurata approssimativa: 3 ore<br \/>\nGiorni della settimana: Quotidiano<\/p>\n<p>&nbsp;<\/p>\n<ul>\n<li>Prenotazione in 3 minuti<\/li>\n<li>Nessun pagamento anticipato<\/li>\n<li>Trasferimento dall&#8217;hotel<\/li>\n<li>Assicurazione valida<\/li>\n<li>Guida di lingua russa<\/li>\n<li>Foto e recensioni reali<\/li>\n<li>Gestore personale<\/li>\n<\/ul>\n","protected":false},"featured_media":265,"template":"","meta":[],"product_cat":[18],"product_tag":[],"class_list":{"0":"post-87","1":"product","2":"type-product","3":"status-publish","4":"has-post-thumbnail","6":"product_cat-hurghada-safari","8":"first","9":"instock","10":"shipping-taxable","11":"purchasable","12":"product-type-simple"},"_links":{"self":[{"href":"https:\/\/www.starkhattabychtours.com\/it\/wp-json\/wp\/v2\/product\/87","targetHints":{"allow":["GET"]}}],"collection":[{"href":"https:\/\/www.starkhattabychtours.com\/it\/wp-json\/wp\/v2\/product"}],"about":[{"href":"https:\/\/www.starkhattabychtours.com\/it\/wp-json\/wp\/v2\/types\/product"}],"wp:featuredmedia":[{"embeddable":true,"href":"https:\/\/www.starkhattabychtours.com\/it\/wp-json\/wp\/v2\/media\/265"}],"wp:attachment":[{"href":"https:\/\/www.starkhattabychtours.com\/it\/wp-json\/wp\/v2\/media?parent=87"}],"wp:term":[{"taxonomy":"product_cat","embeddable":true,"href":"https:\/\/www.starkhattabychtours.com\/it\/wp-json\/wp\/v2\/product_cat?post=87"},{"taxonomy":"product_tag","embeddable":true,"href":"https:\/\/www.starkhattabychtours.com\/it\/wp-json\/wp\/v2\/product_tag?post=87"}],"curies":[{"name":"wp","href":"https:\/\/api.w.org\/{rel}","templated":true}]}}