{"id":88,"date":"2024-09-04T07:32:05","date_gmt":"2024-09-04T07:32:05","guid":{"rendered":"https:\/\/www.starkhattabychtours.com\/it\/?post_type=product&#038;p=88"},"modified":"2024-10-05T08:57:18","modified_gmt":"2024-10-05T08:57:18","slug":"buggy-or-quad-to-the-sea-makadi","status":"publish","type":"product","link":"https:\/\/www.starkhattabychtours.com\/it\/tour\/buggy-or-quad-to-the-sea-makadi","title":{"rendered":"Buggy o quad verso il mare (Makadi)"},"content":{"rendered":"<section class=\"wpb-content-wrapper\"><p>[vc_row][vc_column width=&#8221;1\/2&#8243;][vc_column_text]<\/p>\n<h2 data-sourcepos=\"5:1-5:73\">Presenta un programma unico di 3-4 ore a Hurghada, mattina o pomeriggio!<\/h2>\n<p data-sourcepos=\"7:1-7:570\">Goditi un giro in buggy o quad attraverso il deserto fino al mare, oltre l&#8217;area di Makadi Bay (puoi scegliere un percorso popolare verso le montagne nel deserto, non a Makadi). Ti aspetta un percorso bellissimo ed emozionante, che combina deserto, dune di sabbia, costa rocciosa e mare! Questa zona non \u00e8 spesso visitata dai turisti di Hurghada, poich\u00e9 il programma \u00e8 un po&#8217; pi\u00f9 costoso e meno comunemente offerto&#8230; ma ne vale la pena! Le foto sopra sono reali! Secondo le recensioni, questo percorso \u00e8 pi\u00f9 interessante del percorso standard della montagna di Hurghada.<\/p>\n<p data-sourcepos=\"9:1-9:85\">Per maggiori emozioni ed esperienze, dai un&#8217;occhiata ad altri safari tour a Hurghada.<\/p>\n<p>[\/vc_column_text][\/vc_column][vc_column width=&#8221;1\/2&#8243;][vc_single_image image=&#8221;781&#8243; img_size=&#8221;full&#8221;][\/vc_column][\/vc_row][vc_row][vc_column][vc_column_text]<\/p>\n<h2 data-sourcepos=\"11:1-11:41\">Offriamo tre programmi tra cui scegliere:<\/h2>\n<p data-sourcepos=\"13:1-13:174\">Si prega di notare: Il prezzo indicato di seguito \u00e8 per un veicolo, indipendentemente dal numero di persone (se solo una persona sta guidando, il pagamento \u00e8 per un veicolo).<\/p>\n<p data-sourcepos=\"15:1-21:104\">Programma #1, Buggy to the Sea = 2-posti $120 Giorni: Quotidiano Programma #2, Buggy nel deserto = 2-posti $100 Giorni: Quotidiano Programma #3, Quad Bikes to the Sea = Quad per uno $30, quad per due $40 (con un peso combinato non superiore a 150 kg). Giorni: Quotidiano Giro individuale +$25 (indipendentemente dal numero di persone, trasferimento di gruppo all&#8217;escursione).<\/p>\n<p data-sourcepos=\"23:1-23:148\">Importante! La guida di quad o buggy \u00e8 consentita dai 14 anni (discussa individualmente in loco); i bambini sotto i 6 anni non sono ammessi al tour.<\/p>\n<h3 data-sourcepos=\"25:1-25:38\">Cosa \u00e8 incluso nel programma del tour:<\/h3>\n<p data-sourcepos=\"27:1-34:57\">Trasferimento dal tuo hotel alla base safari alle circa 8:30 AM o 1:00 PM (l&#8217;ora esatta verr\u00e0 comunicata dopo la prenotazione, il viaggio verso Makadi dura circa 30-50 minuti, a seconda della posizione del tuo hotel) Istruzione su come utilizzare un buggy o un quad Programmi #1 e #3: Giro in buggy o quad per circa 1,5-2 ore (compreso il viaggio con soste per riposo e sessioni fotografiche). Il giro stesso \u00e8 di circa 60-70 minuti. Programma #2: Giro in buggy per circa 1,5 ore (compresa una sosta in un villaggio beduino per il t\u00e8). Il giro stesso \u00e8 di circa 60 minuti. Puoi cavalcare e scattare una foto su un cammello Programma #2: Cena e programma spettacolo alla base safari (solo sul programma serale)* Ritorno al tuo hotel alle circa 12:00 PM o 4:30 PM\/5:30 PM (a seconda del programma) *Il prezzo non cambia per i programmi mattutini o serali.<\/p>\n<h3 data-sourcepos=\"36:1-36:28\">Incluso nel prezzo del tour:<\/h3>\n<p data-sourcepos=\"38:1-41:206\">Tutte le attivit\u00e0 Servizi di una guida di lingua russa Trasporto alla base safari (El Gouna, Sahl Hasheesh (Makadi quando si sceglie il programma #2) supplemento di $10 andata e ritorno per un&#8217;auto fino a 6 persone. Zone di Soma Bay e Safaga supplemento di $7 andata e ritorno a persona.)<\/p>\n<p data-sourcepos=\"43:1-43:32\">Non incluso nel prezzo del tour:<\/p>\n<p data-sourcepos=\"45:1-46:77\">Arafaatka (sciarpa per testa e viso) &#8211; pu\u00f2 essere acquistata in loco ($3-4) Occhiali anti-polvere &#8211; possono essere noleggiati o acquistati in loco ($3-5)<\/p>\n<h2 data-sourcepos=\"48:1-48:24\">Informazioni aggiuntive:<\/h2>\n<p data-sourcepos=\"50:1-53:51\">Ci possono essere fino a 10-15 veicoli in un gruppo di quad, puoi scegliere un viaggio individuale, il costo \u00e8 +$25 (indipendentemente dal numero di persone, trasferimento di gruppo all&#8217;escursione) Importante: Se hai ordinato un quad per due persone e il peso combinato delle due persone \u00e8 superiore a 150 kg, viene offerto un quad separato e un costo aggiuntivo per la differenza di costo; o una persona rimane alla base, l&#8217;importo pagato non viene rimborsato; se una persona non riesce a guidare un quad separato, viene trasferita alla seconda persona come passeggero o all&#8217;istruttore &#8211; il costo non viene rimborsato; Si prega di notare che in Egitto tutti i quad sono unificati e non sono divisi in monoposto e biposto. Il prezzo \u00e8 indicato per chiarezza e include il trasferimento da e verso l&#8217;escursione; L&#8217;attrezzatura \u00e8 in buone condizioni, buggy Honda.<\/p>\n<p>[\/vc_column_text][\/vc_column][\/vc_row][vc_section][vc_row][vc_column]<div id=\"kapee-header-55493\" class=\"kapee-element kapee-heading text-left kapee-width-100 separator-none separator-between-heading\">\t\n\t\t\t\n\t\t\t<div class=\"heading-wrap\">\n\t\t\t<span class=\"separator-left\"><\/span>\n\t\t\t<h2 class=\"heading-title\">Domande frequenti (FAQ): <\/h2>\t\t\t<span class=\"separator-right\"><\/span>\n\t\t\t\t\t<\/div>\n\t\t\n    <\/div>[vc_toggle title=&#8221;Il vostro prezzo \u00e8 cos\u00ec basso&#8230; Probabilmente state facendo un servizio di bassa qualit\u00e0?&#8221; style=&#8221;square_outline&#8221; color=&#8221;sky&#8221;]Offriamo davvero alcuni dei prezzi pi\u00f9 bassi mantenendo un alto livello di servizio. Il motivo \u00e8 che siamo una societ\u00e0 di prenotazioni online per grandi operatori turistici in Egitto, il che ci consente di offrire prezzi molto competitivi grazie al nostro ampio volume di turisti. Prenotando con noi, ricevi un servizio di alta qualit\u00e0 senza pagare eccessivamente gli intermediari.[\/vc_toggle][vc_toggle title=&#8221;Che tipo di autobus e trasferimenti avete?&#8221; style=&#8221;square_outline&#8221; color=&#8221;sky&#8221;]Una variet\u00e0 di trasporti \u00e8 disponibile per l&#8217;uso degli organizzatori dell&#8217;evento all&#8217;interno del parco, tra cui auto, minivan e comodi autobus. Tutti i veicoli sono dotati di aria condizionata e sistemi di sicurezza. Per viaggi pi\u00f9 lunghi, vengono forniti autobus con servizi igienici. Inoltre, tutti i veicoli vengono sottoposti a regolari controlli di manutenzione e sanificazione, e possiedono le necessarie autorizzazioni turistiche. Inoltre, i conducenti vengono sottoposti a ispezioni dalla polizia turistica prima di ogni lungo viaggio.[\/vc_toggle][vc_toggle title=&#8221;Come e quando pago per il tour?&#8221; style=&#8221;square_outline&#8221; color=&#8221;sky&#8221;]Lavoriamo senza pagamento anticipato. Tutti i tour di gruppo vengono pagati sull&#8217;autobus o durante il tour stesso. Le eccezioni sono i pagamenti anticipati per i tour privati e i tour che richiedono l&#8217;acquisto di biglietti aerei o l&#8217;elaborazione di documenti. I nostri programmi principali vengono pagati direttamente durante il trasferimento o all&#8217;inizio del tour. Non \u00e8 necessario cercare qualcuno per pagare il tour. Un dipendente dell&#8217;organizzatore si avviciner\u00e0 a te. Puoi pagare in contanti in dollari USA, euro o sterline egiziane. Per la tua comodit\u00e0, offriamo anche la possibilit\u00e0 di trasferire fondi su una carta bancaria in rubli, grivnie ed euro al tasso di cambio o su un portafoglio di criptovaluta in USDT, prima del tour. Per informazioni pi\u00f9 dettagliate sui metodi di pagamento e sui rimborsi, consulta qui.[\/vc_toggle][vc_toggle title=&#8221;Hai una licenza turistica?&#8221; style=&#8221;square_outline&#8221; color=&#8221;sky&#8221;]L&#8217;Egitto \u00e8 un paese altamente regolamentato, specialmente quando si tratta di turismo. Affinch\u00e9 qualsiasi veicolo o yacht possa partire per un&#8217;escursione, \u00e8 necessario ottenere permessi giornalieri sia dalla polizia che dai militari. Se gli operatori turistici non hanno una valida licenza turistica, naturalmente non gli verranno concessi questi permessi. Ecco perch\u00e9 per alcune escursioni, potremmo richiedere copie dei vostri voucher e passaporti (questo vale per le escursioni marine a Sharm El-Sheikh, i tour privati e alcuni tour di gruppo se coinvolgono l&#8217;uscita dalla citt\u00e0. Per altre escursioni, i permessi vengono semplicemente rilasciati in base al numero di persone e non sono necessari i dettagli del passaporto).[\/vc_toggle][vc_toggle title=&#8221;Siamo assicurati durante l&#8217;escursione?&#8221; style=&#8221;square_outline&#8221; color=&#8221;sky&#8221;]<\/p>\n<p data-sourcepos=\"3:1-3:250\">Sfortunatamente, alcune guide degli hotel cercano di convincere i turisti che la loro assicurazione di viaggio \u00e8 presumibilmente invalida se prenotano escursioni con operatori turistici esterni, invece della loro stessa compagnia. Questo non \u00e8 vero.<\/p>\n<p data-sourcepos=\"5:1-5:148\">Innanzitutto, la tua assicurazione di viaggio \u00e8 valida in tutto l&#8217;Egitto, proprio come lo sarebbe se prenotassi con la compagnia di tour dell&#8217;hotel.<\/p>\n<p data-sourcepos=\"7:1-7:381\">In secondo luogo, se sei su una barca, un autobus o un altro mezzo di trasporto, l&#8217;organizzatore si assume la piena responsabilit\u00e0 assicurativa nei confronti dei passeggeri. Altrimenti, semplicemente non sarebbero in grado di ottenere un permesso per condurre attivit\u00e0 turistiche. L&#8217;Egitto ha regolamenti turistici piuttosto rigidi e sono necessari permessi prima di ogni viaggio.<\/p>\n<p>[\/vc_toggle][vc_toggle title=&#8221;Come posso recuperare un oggetto perso durante un tour?&#8221; style=&#8221;square_outline&#8221; color=&#8221;sky&#8221;]Ricordiamo sempre ai nostri ospiti di controllare attentamente di avere con s\u00e9 tutti i loro effetti personali prima di uscire dall&#8217;autobus o dallo yacht alla fine del tour. Sfortunatamente, recuperare oggetti smarriti pu\u00f2 essere piuttosto difficile a causa della partenza immediata dei veicoli per la pulizia e le complessit\u00e0 della logistica egiziana. Sebbene faremo il possibile per aiutarti a ritrovare i tuoi effetti personali, non possiamo garantire un tasso di recupero del 100%. Se riusciamo a trovare il tuo oggetto, ci sar\u00e0 una tassa di consegna di $5-10. Si prega di prestare attenzione ai propri effetti personali![\/vc_toggle][vc_toggle title=&#8221;Dovrei modificare i miei piani o aspettare per il tour?&#8221; style=&#8221;square_outline&#8221; color=&#8221;sky&#8221;]Abbiamo un significativo afflusso giornaliero di richieste di prenotazione per i nostri programmi da parte dei turisti. Di conseguenza, la maggior parte delle escursioni vengono organizzate quotidianamente o in specifici giorni della settimana seguendo un programma dettagliato fornito nella descrizione di ciascun programma. Dopo la prenotazione, ti invieremo l&#8217;ora esatta del prelievo dal tuo hotel. Molti tour saranno condotti con piccoli gruppi provenienti da vari hotel che hanno acquistato escursioni attraverso gli operatori turistici. L&#8217;unica differenza \u00e8 che i nostri prezzi sono del 40-60% pi\u00f9 bassi (i nostri organizzatori conducono tutte le principali escursioni a Hurghada e Sharm El-Sheikh per turisti di lingua russa).[\/vc_toggle][vc_toggle title=&#8221;Dove posso trovare il fotografo che ha scattato le foto durante il tour?&#8221; style=&#8221;square_outline&#8221; color=&#8221;sky&#8221;]Vorremmo informarvi che i fotografi che vi accompagnano durante le escursioni agiscono come rappresentanti indipendenti dei loro studi fotografici. Non fanno parte del nostro servizio online o del team organizzatore del programma. Tutti i termini e le condizioni relativi al servizio fotografico e al suo pagamento vengono discussi e concordati direttamente tra voi e il fotografo. Consigliamo di avvicinarsi ai pagamenti anticipati con cautela e di assicurarsi l&#8217;affidabilit\u00e0 dei servizi, nonch\u00e9 di ottenere tutte le informazioni di contatto del fotografo prima di effettuare qualsiasi pagamento.[\/vc_toggle][\/vc_column][\/vc_row][\/vc_section]<\/p>\n<\/section>","protected":false},"excerpt":{"rendered":"<p>Prezzo:<br \/>\nAdulto (per quad bike): a partire da $30<br \/>\nBuggy a 2 posti (prezzo per un buggy): a partire da $120<br \/>\nDurata approssimativa: 3 ore<br \/>\nGiorni della settimana: Quotidiano<\/p>\n<ul>\n<li>Prelievo gratuito dall&#8217;hotel<\/li>\n<li>Assicurazione di viaggio completa<\/li>\n<li>Guida professionale di lingua russa<\/li>\n<li>Foto autentiche e recensioni reali dei clienti<\/li>\n<li>Gestore personale dedicato<\/li>\n<\/ul>\n","protected":false},"featured_media":267,"template":"","meta":[],"product_cat":[20,18],"product_tag":[],"class_list":{"0":"post-88","1":"product","2":"type-product","3":"status-publish","4":"has-post-thumbnail","6":"product_cat-hurghada-individual-excursions","7":"product_cat-hurghada-safari","9":"first","10":"instock","11":"shipping-taxable","12":"purchasable","13":"product-type-simple"},"_links":{"self":[{"href":"https:\/\/www.starkhattabychtours.com\/it\/wp-json\/wp\/v2\/product\/88","targetHints":{"allow":["GET"]}}],"collection":[{"href":"https:\/\/www.starkhattabychtours.com\/it\/wp-json\/wp\/v2\/product"}],"about":[{"href":"https:\/\/www.starkhattabychtours.com\/it\/wp-json\/wp\/v2\/types\/product"}],"wp:featuredmedia":[{"embeddable":true,"href":"https:\/\/www.starkhattabychtours.com\/it\/wp-json\/wp\/v2\/media\/267"}],"wp:attachment":[{"href":"https:\/\/www.starkhattabychtours.com\/it\/wp-json\/wp\/v2\/media?parent=88"}],"wp:term":[{"taxonomy":"product_cat","embeddable":true,"href":"https:\/\/www.starkhattabychtours.com\/it\/wp-json\/wp\/v2\/product_cat?post=88"},{"taxonomy":"product_tag","embeddable":true,"href":"https:\/\/www.starkhattabychtours.com\/it\/wp-json\/wp\/v2\/product_tag?post=88"}],"curies":[{"name":"wp","href":"https:\/\/api.w.org\/{rel}","templated":true}]}}