{"id":89,"date":"2024-09-04T07:38:39","date_gmt":"2024-09-04T07:38:39","guid":{"rendered":"https:\/\/www.starkhattabychtours.com\/it\/?post_type=product&#038;p=89"},"modified":"2024-10-05T08:59:31","modified_gmt":"2024-10-05T08:59:31","slug":"quad-biking","status":"publish","type":"product","link":"https:\/\/www.starkhattabychtours.com\/it\/tour\/quad-biking","title":{"rendered":"Quad Biking"},"content":{"rendered":"<section class=\"wpb-content-wrapper\"><p>[vc_row][vc_column width=&#8221;1\/2&#8243;][vc_column_text]<\/p>\n<h2>Safari in Quad nel Deserto Arabo (Senza Visita al Villaggio Beduino)<\/h2>\n<ul>\n<li>Parti per un&#8217;emozionante avventura tra le dune di sabbia e i sentieri di montagna. I tuoi fidati &#8220;cavalli di ferro&#8221; \u2013 i quad \u2013 saranno i tuoi indispensabili compagni in questo viaggio, permettendoti di percorrere lunghe distanze comodamente e senza sforzo.<\/li>\n<li>Questo \u00e8 un modo completamente nuovo per vivere lo spirito dell&#8217;Egitto, i suoi vasti deserti e paesaggi mozzafiato. I tuoi occhi godranno di panorami spettacolari, mentre la tua anima sar\u00e0 pervasa dall&#8217;atmosfera di libert\u00e0 e avventura che un safari in quad crea.<\/li>\n<li>Un safari in quad a Hurghada \u00e8 un&#8217;opportunit\u00e0 non solo per vedere l&#8217;Egitto, ma per sentirlo, per respirare l&#8217;aria del deserto e per sperimentare il vero vento della libert\u00e0 e dell&#8217;avventura. Questa \u00e8 la scelta per chi cerca nuove esperienze e momenti.<\/li>\n<li>Puoi ottenere pi\u00f9 emozioni e impressioni con altri tour safari a Hurghada.<\/li>\n<\/ul>\n<p>[\/vc_column_text][\/vc_column][vc_column width=&#8221;1\/2&#8243;][vc_single_image image=&#8221;782&#8243; img_size=&#8221;full&#8221;][\/vc_column][\/vc_row][vc_row][vc_column][vc_column_text]<\/p>\n<h3>PREZZO:<\/h3>\n<ul>\n<li>$12 \u2013 un quad per un adulto \/ $6 per un bambino fino a 11 anni;<\/li>\n<li>$18 \u2013 un quad per due adulti (da 12 anni, prezzo totale, peso totale non superiore a 150 kg).<\/li>\n<li>Attenzione! I bambini dai 12 anni possono guidare, a condizione che siano in grado di farlo autonomamente.<\/li>\n<li>\u00c8 possibile organizzare un tour individuale per un costo aggiuntivo di $12 (vedi sotto per maggiori informazioni).<\/li>\n<\/ul>\n<h3>Cosa \u00e8 incluso nel tour:<\/h3>\n<ul>\n<li>Trasferimento alla stazione dei quad intorno alle 08:30;<\/li>\n<li>Istruzioni per la guida del quad;<\/li>\n<li>Guida in quad per 45 minuti;<\/li>\n<li>Ritorno in hotel intorno alle 10:30.<\/li>\n<\/ul>\n<h3>Il prezzo del tour include:<\/h3>\n<ul>\n<li>Servizi dell&#8217;istruttore;<\/li>\n<li>Trasporto a Hurghada (le zone di El Gouna, Sahl Hasheesh e Makadi hanno un costo aggiuntivo di $10* in entrambe le direzioni. Le zone di<\/li>\n<li>Soma Bay e Safaga hanno un costo aggiuntivo di $20* in entrambe le direzioni. *Il prezzo \u00e8 indicato per una prenotazione in entrambe le direzioni, fino a 6 persone. Il trasferimento pu\u00f2 essere di gruppo).<\/li>\n<\/ul>\n<h3><strong>Cosa non \u00e8 incluso nel prezzo del tour:<\/strong><\/h3>\n<p>Arafatka (foulard per la testa e il viso) \u2013 acquistabile in loco ($2-3);<br \/>\nOcchiali anti-polvere \u2013 noleggiabili o acquistabili in loco ($2-5).<\/p>\n<h2><strong>Informazioni aggiuntive:<\/strong><\/h2>\n<p>Il gruppo pu\u00f2 essere composto da 10-20 veicoli;<br \/>\nSi prega di notare che in Egitto tutti i quad sono unificati e non sono divisi tra monoposto e biposto. Il prezzo \u00e8 indicato per chiarezza e include il trasferimento da e per l&#8217;escursione;<br \/>\nVogliamo richiamare la vostra attenzione sul fatto che, a causa della situazione economica in Egitto, il rinnovo della flotta \u00e8 una sfida per tutti gli organizzatori. Tuttavia, le condizioni dell&#8217;equipaggiamento sono costantemente monitorate e vengono prese tutte le misure possibili per mantenerlo in buone condizioni. Se ti viene offerto un equipaggiamento che non rispetta gli standard di funzionalit\u00e0, contatta immediatamente il nostro reparto prenotazioni. Ci metteremo in contatto con la direzione dell&#8217;organizzatore per risolvere il problema sul posto;<br \/>\n\u00c8 possibile organizzare un tour individuale \u2013 il costo \u00e8 di +$12, indipendentemente dal numero di persone. Guiderai senza una scorta, alla tua velocit\u00e0, in accordo con la guida (il trasferimento per l&#8217;escursione \u00e8 di gruppo). Un istruttore di lingua russa \u00e8 disponibile alla base per spiegare come utilizzare l&#8217;attrezzatura. Un accompagnatore individuale \u00e8 previsto per il viaggio.[\/vc_column_text][\/vc_column][\/vc_row][vc_section][vc_row][vc_column]<div id=\"kapee-header-58647\" class=\"kapee-element kapee-heading text-left kapee-width-100 separator-none separator-between-heading\">\t\n\t\t\t\n\t\t\t<div class=\"heading-wrap\">\n\t\t\t<span class=\"separator-left\"><\/span>\n\t\t\t<h2 class=\"heading-title\">Domande frequenti (FAQ): <\/h2>\t\t\t<span class=\"separator-right\"><\/span>\n\t\t\t\t\t<\/div>\n\t\t\n    <\/div>[vc_toggle title=&#8221;Il vostro prezzo \u00e8 cos\u00ec basso&#8230; Probabilmente state facendo un servizio di bassa qualit\u00e0?&#8221; style=&#8221;square_outline&#8221; color=&#8221;sky&#8221;]Offriamo davvero alcuni dei prezzi pi\u00f9 bassi mantenendo un alto livello di servizio. Il motivo \u00e8 che siamo una societ\u00e0 di prenotazioni online per grandi operatori turistici in Egitto, il che ci consente di offrire prezzi molto competitivi grazie al nostro ampio volume di turisti. Prenotando con noi, ricevi un servizio di alta qualit\u00e0 senza pagare eccessivamente gli intermediari.[\/vc_toggle][vc_toggle title=&#8221;Che tipo di autobus e trasferimenti avete?&#8221; style=&#8221;square_outline&#8221; color=&#8221;sky&#8221;]Una variet\u00e0 di trasporti \u00e8 disponibile per l&#8217;uso degli organizzatori dell&#8217;evento all&#8217;interno del parco, tra cui auto, minivan e comodi autobus. Tutti i veicoli sono dotati di aria condizionata e sistemi di sicurezza. Per viaggi pi\u00f9 lunghi, vengono forniti autobus con servizi igienici. Inoltre, tutti i veicoli vengono sottoposti a regolari controlli di manutenzione e sanificazione, e possiedono le necessarie autorizzazioni turistiche. Inoltre, i conducenti vengono sottoposti a ispezioni dalla polizia turistica prima di ogni lungo viaggio.[\/vc_toggle][vc_toggle title=&#8221;Come e quando pago per il tour?&#8221; style=&#8221;square_outline&#8221; color=&#8221;sky&#8221;]Lavoriamo senza pagamento anticipato. Tutti i tour di gruppo vengono pagati sull&#8217;autobus o durante il tour stesso. Le eccezioni sono i pagamenti anticipati per i tour privati e i tour che richiedono l&#8217;acquisto di biglietti aerei o l&#8217;elaborazione di documenti. I nostri programmi principali vengono pagati direttamente durante il trasferimento o all&#8217;inizio del tour. Non \u00e8 necessario cercare qualcuno per pagare il tour. Un dipendente dell&#8217;organizzatore si avviciner\u00e0 a te. Puoi pagare in contanti in dollari USA, euro o sterline egiziane. Per la tua comodit\u00e0, offriamo anche la possibilit\u00e0 di trasferire fondi su una carta bancaria in rubli, grivnie ed euro al tasso di cambio o su un portafoglio di criptovaluta in USDT, prima del tour. Per informazioni pi\u00f9 dettagliate sui metodi di pagamento e sui rimborsi, consulta qui.[\/vc_toggle][vc_toggle title=&#8221;Hai una licenza turistica?&#8221; style=&#8221;square_outline&#8221; color=&#8221;sky&#8221;]L&#8217;Egitto \u00e8 un paese altamente regolamentato, specialmente quando si tratta di turismo. Affinch\u00e9 qualsiasi veicolo o yacht possa partire per un&#8217;escursione, \u00e8 necessario ottenere permessi giornalieri sia dalla polizia che dai militari. Se gli operatori turistici non hanno una valida licenza turistica, naturalmente non gli verranno concessi questi permessi. Ecco perch\u00e9 per alcune escursioni, potremmo richiedere copie dei vostri voucher e passaporti (questo vale per le escursioni marine a Sharm El-Sheikh, i tour privati e alcuni tour di gruppo se coinvolgono l&#8217;uscita dalla citt\u00e0. Per altre escursioni, i permessi vengono semplicemente rilasciati in base al numero di persone e non sono necessari i dettagli del passaporto).[\/vc_toggle][vc_toggle title=&#8221;Siamo assicurati durante l&#8217;escursione?&#8221; style=&#8221;square_outline&#8221; color=&#8221;sky&#8221;]<\/p>\n<p data-sourcepos=\"3:1-3:250\">Sfortunatamente, alcune guide degli hotel cercano di convincere i turisti che la loro assicurazione di viaggio \u00e8 presumibilmente invalida se prenotano escursioni con operatori turistici esterni, invece della loro stessa compagnia. Questo non \u00e8 vero.<\/p>\n<p data-sourcepos=\"5:1-5:148\">Innanzitutto, la tua assicurazione di viaggio \u00e8 valida in tutto l&#8217;Egitto, proprio come lo sarebbe se prenotassi con la compagnia di tour dell&#8217;hotel.<\/p>\n<p data-sourcepos=\"7:1-7:381\">In secondo luogo, se sei su una barca, un autobus o un altro mezzo di trasporto, l&#8217;organizzatore si assume la piena responsabilit\u00e0 assicurativa nei confronti dei passeggeri. Altrimenti, semplicemente non sarebbero in grado di ottenere un permesso per condurre attivit\u00e0 turistiche. L&#8217;Egitto ha regolamenti turistici piuttosto rigidi e sono necessari permessi prima di ogni viaggio.<\/p>\n<p>[\/vc_toggle][vc_toggle title=&#8221;Come posso recuperare un oggetto perso durante un tour?&#8221; style=&#8221;square_outline&#8221; color=&#8221;sky&#8221;]Ricordiamo sempre ai nostri ospiti di controllare attentamente di avere con s\u00e9 tutti i loro effetti personali prima di uscire dall&#8217;autobus o dallo yacht alla fine del tour. Sfortunatamente, recuperare oggetti smarriti pu\u00f2 essere piuttosto difficile a causa della partenza immediata dei veicoli per la pulizia e le complessit\u00e0 della logistica egiziana. Sebbene faremo il possibile per aiutarti a ritrovare i tuoi effetti personali, non possiamo garantire un tasso di recupero del 100%. Se riusciamo a trovare il tuo oggetto, ci sar\u00e0 una tassa di consegna di $5-10. Si prega di prestare attenzione ai propri effetti personali![\/vc_toggle][vc_toggle title=&#8221;Dovrei modificare i miei piani o aspettare per il tour?&#8221; style=&#8221;square_outline&#8221; color=&#8221;sky&#8221;]Abbiamo un significativo afflusso giornaliero di richieste di prenotazione per i nostri programmi da parte dei turisti. Di conseguenza, la maggior parte delle escursioni vengono organizzate quotidianamente o in specifici giorni della settimana seguendo un programma dettagliato fornito nella descrizione di ciascun programma. Dopo la prenotazione, ti invieremo l&#8217;ora esatta del prelievo dal tuo hotel. Molti tour saranno condotti con piccoli gruppi provenienti da vari hotel che hanno acquistato escursioni attraverso gli operatori turistici. L&#8217;unica differenza \u00e8 che i nostri prezzi sono del 40-60% pi\u00f9 bassi (i nostri organizzatori conducono tutte le principali escursioni a Hurghada e Sharm El-Sheikh per turisti di lingua russa).[\/vc_toggle][vc_toggle title=&#8221;Dove posso trovare il fotografo che ha scattato le foto durante il tour?&#8221; style=&#8221;square_outline&#8221; color=&#8221;sky&#8221;]Vorremmo informarvi che i fotografi che vi accompagnano durante le escursioni agiscono come rappresentanti indipendenti dei loro studi fotografici. Non fanno parte del nostro servizio online o del team organizzatore del programma. Tutti i termini e le condizioni relativi al servizio fotografico e al suo pagamento vengono discussi e concordati direttamente tra voi e il fotografo. Consigliamo di avvicinarsi ai pagamenti anticipati con cautela e di assicurarsi l&#8217;affidabilit\u00e0 dei servizi, nonch\u00e9 di ottenere tutte le informazioni di contatto del fotografo prima di effettuare qualsiasi pagamento.[\/vc_toggle][\/vc_column][\/vc_row][\/vc_section]<\/p>\n<\/section>","protected":false},"excerpt":{"rendered":"<p>Prezzo:<br \/>\nAdulti (12+): $12<br \/>\nDoppio (per 2 persone): $18<br \/>\nDurata stimata: 1,5 ore<br \/>\nGiorni: Tutti i giorni<\/p>\n<ul>\n<li>Quadriciclo<\/li>\n<li>Prenotazione in 3 minuti<\/li>\n<li>Nessun pagamento anticipato<\/li>\n<li>Trasferimento dall&#8217;hotel<\/li>\n<li>Assicurazione valida<\/li>\n<li>Guida di lingua russa<\/li>\n<li>Foto e recensioni reali<\/li>\n<li>Gestore personale<\/li>\n<\/ul>\n","protected":false},"featured_media":269,"template":"","meta":[],"product_cat":[18],"product_tag":[],"class_list":{"0":"post-89","1":"product","2":"type-product","3":"status-publish","4":"has-post-thumbnail","6":"product_cat-hurghada-safari","8":"first","9":"instock","10":"shipping-taxable","11":"purchasable","12":"product-type-simple"},"_links":{"self":[{"href":"https:\/\/www.starkhattabychtours.com\/it\/wp-json\/wp\/v2\/product\/89","targetHints":{"allow":["GET"]}}],"collection":[{"href":"https:\/\/www.starkhattabychtours.com\/it\/wp-json\/wp\/v2\/product"}],"about":[{"href":"https:\/\/www.starkhattabychtours.com\/it\/wp-json\/wp\/v2\/types\/product"}],"wp:featuredmedia":[{"embeddable":true,"href":"https:\/\/www.starkhattabychtours.com\/it\/wp-json\/wp\/v2\/media\/269"}],"wp:attachment":[{"href":"https:\/\/www.starkhattabychtours.com\/it\/wp-json\/wp\/v2\/media?parent=89"}],"wp:term":[{"taxonomy":"product_cat","embeddable":true,"href":"https:\/\/www.starkhattabychtours.com\/it\/wp-json\/wp\/v2\/product_cat?post=89"},{"taxonomy":"product_tag","embeddable":true,"href":"https:\/\/www.starkhattabychtours.com\/it\/wp-json\/wp\/v2\/product_tag?post=89"}],"curies":[{"name":"wp","href":"https:\/\/api.w.org\/{rel}","templated":true}]}}