{"id":91,"date":"2024-09-04T08:03:16","date_gmt":"2024-09-04T08:03:16","guid":{"rendered":"https:\/\/www.starkhattabychtours.com\/it\/?post_type=product&#038;p=91"},"modified":"2024-10-05T09:03:57","modified_gmt":"2024-10-05T09:03:57","slug":"bathyscaphe-snorkling-parachute-behindthe-boat","status":"publish","type":"product","link":"https:\/\/www.starkhattabychtours.com\/it\/tour\/bathyscaphe-snorkling-parachute-behindthe-boat","title":{"rendered":"Battiscafo + Snorkeling + Paracadute dietro la barca"},"content":{"rendered":"<section class=\"wpb-content-wrapper\"><p>[vc_row][vc_column width=&#8221;1\/2&#8243;][vc_column_text]<\/p>\n<h4 data-sourcepos=\"1:1-1:73\"><strong>Escursione &#8220;tutto in uno&#8221; con sottomarino, snorkeling e paracadutismo<\/strong><\/h4>\n<p data-sourcepos=\"3:1-3:315\">Questa escursione emozionante e ricca di azione dura poche ore, al mattino o al pomeriggio, e ti permette di godere della bellezza sia del mondo sottomarino che di quello sopra l&#8217;acqua! Dopo queste attivit\u00e0 vibranti, ti godrai un delizioso pasto mentre il nostro trasferimento ti riporta in hotel per pranzo o cena!<\/p>\n<p data-sourcepos=\"5:1-5:118\">Questo programma non \u00e8 solo entusiasmante ma anche pi\u00f9 conveniente rispetto a prenotare queste attivit\u00e0 separatamente!<\/p>\n<p data-sourcepos=\"7:1-7:346\">Il sottomarino \u00e8 un semi-sottomarino ad Hurghada, che offre una delle escursioni marine pi\u00f9 uniche. Le finestre panoramiche si trovano a circa 3 metri di profondit\u00e0, permettendoti di vedere lo stesso mondo sottomarino che i subacquei adorano nel Mar Rosso. Uno dei subacquei alimenter\u00e0 anche i pesci proprio davanti alle tue finestre panoramiche.<\/p>\n<p data-sourcepos=\"9:1-9:226\">Lo snorkeling dallo yacht del sottomarino \u00e8 una nuotata coinvolgente di 40 minuti in mare aperto vicino a una barriera corallina, dove puoi osservare da vicino la vita marina (attrezzatura: pinne e maschere fornite sul posto).<\/p>\n<p data-sourcepos=\"11:1-11:189\">Il volo in paracadutismo (trainato da una barca con un paracadute) ti dar\u00e0 una scarica di adrenalina e ti permetter\u00e0 di vedere la bellezza di Hurghada da un punto di vista a volo d&#8217;uccello.<\/p>\n<p>[\/vc_column_text][\/vc_column][vc_column width=&#8221;1\/2&#8243;][vc_single_image image=&#8221;790&#8243; img_size=&#8221;full&#8221;][\/vc_column][\/vc_row][vc_row][vc_column][vc_column_text]<\/p>\n<div class=\"presented-response-container ng-tns-c1254682528-531\">\n<div class=\"response-container-content ng-tns-c1254682528-531 tunable-selection-with-avatar\">\n<div class=\"response-content ng-tns-c1254682528-531\">\n<div class=\"markdown markdown-main-panel\" dir=\"ltr\">\n<h2 data-sourcepos=\"13:1-13:47\"><strong>Cosa \u00e8 incluso nel programma di escursione:<\/strong><\/h2>\n<ul data-sourcepos=\"15:1-24:0\">\n<li data-sourcepos=\"15:1-15:244\">Trasferimento dall&#8217;hotel alle circa 10:30 AM o 1:30 PM (la tua scelta, l&#8217;orario esatto verr\u00e0 confermato dopo la prenotazione; il viaggio fino al porto dura tra 15 e 40 minuti, a seconda della posizione dell&#8217;hotel e del prelievo degli ospiti);<\/li>\n<li data-sourcepos=\"16:1-16:101\">Arrivo al marina, imbarco sul sottomarino e partenza verso le barriere coralline (circa 20 minuti);<\/li>\n<li data-sourcepos=\"17:1-17:130\">Discesa sul ponte inferiore per iniziare il tuo viaggio sottomarino (la barca non si immerge completamente), circa 40-60 minuti;<\/li>\n<li data-sourcepos=\"18:1-18:102\">Ritorno sul ponte superiore mentre si dirige verso il luogo di snorkeling e nuoto (circa 10 minuti);<\/li>\n<li data-sourcepos=\"19:1-19:93\">Snorkeling in mare vicino alla barriera corallina con maschera e pinne per circa 40 minuti;<\/li>\n<li data-sourcepos=\"20:1-20:122\">Ritorno al marina e trasferimento alla barca per il giro in paracadutismo (potrebbe essere necessaria una breve attesa);<\/li>\n<li data-sourcepos=\"21:1-21:81\">Briefing e volo in paracadutismo per vedere la regione del Mar Rosso dall&#8217;alto;<\/li>\n<li data-sourcepos=\"22:1-22:52\">Ritorno in hotel alle circa 3:00 PM (pu\u00f2 variare).<\/li>\n<li data-sourcepos=\"23:1-24:0\">La sequenza e il tempo totale del programma possono cambiare a seconda dell&#8217;orario di partenza e di altri fattori (dopo pranzo, il paracadutismo \u00e8 solitamente il primo).<\/li>\n<\/ul>\n<h3 data-sourcepos=\"25:1-25:38\"><strong>Incluso nel costo dell&#8217;escursione:<\/strong><\/h3>\n<ul data-sourcepos=\"27:1-32:0\">\n<li data-sourcepos=\"27:1-27:66\">Servizi di un&#8217;escort e di assistenti di lingua russa sulla nave;<\/li>\n<li data-sourcepos=\"28:1-28:112\">Attrezzatura per lo snorkeling (pinne e maschera con boccaglio, ma si consiglia sempre di portare la propria);<\/li>\n<li data-sourcepos=\"29:1-29:26\">Bevande gassate a bordo;<\/li>\n<li data-sourcepos=\"30:1-30:49\">Viaggio in sottomarino e volo in paracadutismo;<\/li>\n<li data-sourcepos=\"31:1-32:0\">Servizio di trasporto ad Hurghada (per le aree: El Gouna, Sahl Hasheesh e Makadi, c&#8217;\u00e8 un supplemento di +$10* andata e ritorno. Per Soma Bay e Safaga, c&#8217;\u00e8 un supplemento di +$20* andata e ritorno. *Il prezzo \u00e8 per prenotazione, andata e ritorno, fino a 6 persone. Il trasferimento pu\u00f2 essere condiviso con altri ospiti).<\/li>\n<\/ul>\n<h3 data-sourcepos=\"33:1-33:42\"><strong>Non incluso nel costo dell&#8217;escursione:<\/strong><\/h3>\n<ul data-sourcepos=\"35:1-37:0\">\n<li data-sourcepos=\"35:1-35:67\">T\u00e8, caff\u00e8 e altri alimenti a bordo (da $2-3 per bevande o snack).<\/li>\n<li data-sourcepos=\"36:1-37:0\">I bambini sotto i 5 anni possono partecipare gratuitamente al sottomarino; per il paracadutismo, c&#8217;\u00e8 un supplemento di +$5.<\/li>\n<\/ul>\n<h2 data-sourcepos=\"38:1-38:28\"><strong>Informazioni aggiuntive:<\/strong><\/h2>\n<ul data-sourcepos=\"40:1-46:0\">\n<li data-sourcepos=\"40:1-40:151\">Il peso totale dei passeggeri per il volo in paracadutismo non deve superare i 150 kg. Se il peso \u00e8 maggiore, verranno organizzati due voli separati;<\/li>\n<li data-sourcepos=\"41:1-41:219\">Se uno dei passeggeri prenotati non desidera volare ma desidera accompagnare gli altri sulla barca, il costo del programma sar\u00e0 di $13, i bambini sotto i 12 anni pagheranno $8 e i bambini sotto i 5 anni pagheranno $3;<\/li>\n<li data-sourcepos=\"42:1-42:123\">L&#8217;annullamento del volo in paracadutismo il giorno dell&#8217;escursione non modificher\u00e0 il costo originale della prenotazione;<\/li>\n<li data-sourcepos=\"43:1-43:95\">Potrebbe essere necessaria una breve attesa tra il viaggio in sottomarino e il paracadutismo;<\/li>\n<li data-sourcepos=\"44:1-44:817\">Ad Hurghada, ci sono solo due grandi e confortevoli sottomarini con cabine spaziose. Uno ha un ponte superiore aperto al secondo piano, oltre a una cabina coperta e un ponte inferiore per osservare la vita marina, e il nuoto avviene dalla barca; il secondo non ha un ponte aperto (solo coperto), ma porta i nuotatori su una piattaforma speciale in mare. Entrambe le imbarcazioni sono state recentemente aggiornate e sono molto pi\u00f9 interessanti dei sottomarini gialli offerti dagli operatori turistici a prezzi gonfiati, che inoltre mancano di cabine coperte per il relax. Foto dettagliate di entrambi i sottomarini possono essere trovate nel programma principale qui (la selezione della nave non \u00e8 disponibile; la distribuzione dei turisti viene gestita in loco in base alla disponibilit\u00e0 o ai programmi variabili);<\/li>\n<li data-sourcepos=\"45:1-46:0\">Tutti i sottomarini ad Hurghada seguono rotte designate approvate dal governo vicino al marina centrale. Pertanto, le barriere coralline in queste aree potrebbero non essere le pi\u00f9 belle o vibranti, ma molti turisti, specialmente i bambini, sono entusiasti dell&#8217;esperienza. A seconda delle condizioni meteorologiche, ci potrebbero essere pi\u00f9 o meno creature marine.<\/li>\n<\/ul>\n<p data-sourcepos=\"47:1-47:42\"><strong>Spero che questa traduzione sia utile!<\/strong><\/p>\n<\/div>\n<div class=\"skeleton-loader-container\"><\/div>\n<div class=\"response-footer gap complete\"><\/div>\n<\/div>\n<\/div>\n<\/div>\n<div class=\"response-container-footer ng-tns-c1254682528-531\">\n<div class=\"actions-container-v2 ng-star-inserted\">\n<div class=\"buttons-container-v2 ng-star-inserted\">\n<div class=\"thumbs-up-animation-container\" hidden=\"\"><\/div>\n<div class=\"thumbs-down-animation-container\" hidden=\"\"><\/div>\n<div class=\"menu-button-wrapper ng-star-inserted\"><\/div>\n<p>&nbsp;<\/p>\n<div class=\"menu-button-wrapper ng-star-inserted\">\n<div class=\"more-menu-button-container ng-star-inserted\"><\/div>\n<\/div>\n<div class=\"spacer ng-star-inserted\"><\/div>\n<\/div>\n<\/div>\n<\/div>\n<p>[\/vc_column_text][\/vc_column][\/vc_row][vc_section][vc_row][vc_column]<div id=\"kapee-header-25777\" class=\"kapee-element kapee-heading text-left kapee-width-100 separator-none separator-between-heading\">\t\n\t\t\t\n\t\t\t<div class=\"heading-wrap\">\n\t\t\t<span class=\"separator-left\"><\/span>\n\t\t\t<h2 class=\"heading-title\">Domande frequenti (FAQ): <\/h2>\t\t\t<span class=\"separator-right\"><\/span>\n\t\t\t\t\t<\/div>\n\t\t\n    <\/div>[vc_toggle title=&#8221;Il vostro prezzo \u00e8 cos\u00ec basso&#8230; Probabilmente state facendo un servizio di bassa qualit\u00e0?&#8221; style=&#8221;square_outline&#8221; color=&#8221;sky&#8221;]Offriamo davvero alcuni dei prezzi pi\u00f9 bassi mantenendo un alto livello di servizio. Il motivo \u00e8 che siamo una societ\u00e0 di prenotazioni online per grandi operatori turistici in Egitto, il che ci consente di offrire prezzi molto competitivi grazie al nostro ampio volume di turisti. Prenotando con noi, ricevi un servizio di alta qualit\u00e0 senza pagare eccessivamente gli intermediari.[\/vc_toggle][vc_toggle title=&#8221;Che tipo di autobus e trasferimenti avete?&#8221; style=&#8221;square_outline&#8221; color=&#8221;sky&#8221;]Una variet\u00e0 di trasporti \u00e8 disponibile per l&#8217;uso degli organizzatori dell&#8217;evento all&#8217;interno del parco, tra cui auto, minivan e comodi autobus. Tutti i veicoli sono dotati di aria condizionata e sistemi di sicurezza. Per viaggi pi\u00f9 lunghi, vengono forniti autobus con servizi igienici. Inoltre, tutti i veicoli vengono sottoposti a regolari controlli di manutenzione e sanificazione, e possiedono le necessarie autorizzazioni turistiche. Inoltre, i conducenti vengono sottoposti a ispezioni dalla polizia turistica prima di ogni lungo viaggio.[\/vc_toggle][vc_toggle title=&#8221;Come e quando pago per il tour?&#8221; style=&#8221;square_outline&#8221; color=&#8221;sky&#8221;]Lavoriamo senza pagamento anticipato. Tutti i tour di gruppo vengono pagati sull&#8217;autobus o durante il tour stesso. Le eccezioni sono i pagamenti anticipati per i tour privati e i tour che richiedono l&#8217;acquisto di biglietti aerei o l&#8217;elaborazione di documenti. I nostri programmi principali vengono pagati direttamente durante il trasferimento o all&#8217;inizio del tour. Non \u00e8 necessario cercare qualcuno per pagare il tour. Un dipendente dell&#8217;organizzatore si avviciner\u00e0 a te. Puoi pagare in contanti in dollari USA, euro o sterline egiziane. Per la tua comodit\u00e0, offriamo anche la possibilit\u00e0 di trasferire fondi su una carta bancaria in rubli, grivnie ed euro al tasso di cambio o su un portafoglio di criptovaluta in USDT, prima del tour. Per informazioni pi\u00f9 dettagliate sui metodi di pagamento e sui rimborsi, consulta qui.[\/vc_toggle][vc_toggle title=&#8221;Hai una licenza turistica?&#8221; style=&#8221;square_outline&#8221; color=&#8221;sky&#8221;]L&#8217;Egitto \u00e8 un paese altamente regolamentato, specialmente quando si tratta di turismo. Affinch\u00e9 qualsiasi veicolo o yacht possa partire per un&#8217;escursione, \u00e8 necessario ottenere permessi giornalieri sia dalla polizia che dai militari. Se gli operatori turistici non hanno una valida licenza turistica, naturalmente non gli verranno concessi questi permessi. Ecco perch\u00e9 per alcune escursioni, potremmo richiedere copie dei vostri voucher e passaporti (questo vale per le escursioni marine a Sharm El-Sheikh, i tour privati e alcuni tour di gruppo se coinvolgono l&#8217;uscita dalla citt\u00e0. Per altre escursioni, i permessi vengono semplicemente rilasciati in base al numero di persone e non sono necessari i dettagli del passaporto).[\/vc_toggle][vc_toggle title=&#8221;Siamo assicurati durante l&#8217;escursione?&#8221; style=&#8221;square_outline&#8221; color=&#8221;sky&#8221;]<\/p>\n<p data-sourcepos=\"3:1-3:250\">Sfortunatamente, alcune guide degli hotel cercano di convincere i turisti che la loro assicurazione di viaggio \u00e8 presumibilmente invalida se prenotano escursioni con operatori turistici esterni, invece della loro stessa compagnia. Questo non \u00e8 vero.<\/p>\n<p data-sourcepos=\"5:1-5:148\">Innanzitutto, la tua assicurazione di viaggio \u00e8 valida in tutto l&#8217;Egitto, proprio come lo sarebbe se prenotassi con la compagnia di tour dell&#8217;hotel.<\/p>\n<p data-sourcepos=\"7:1-7:381\">In secondo luogo, se sei su una barca, un autobus o un altro mezzo di trasporto, l&#8217;organizzatore si assume la piena responsabilit\u00e0 assicurativa nei confronti dei passeggeri. Altrimenti, semplicemente non sarebbero in grado di ottenere un permesso per condurre attivit\u00e0 turistiche. L&#8217;Egitto ha regolamenti turistici piuttosto rigidi e sono necessari permessi prima di ogni viaggio.<\/p>\n<p>[\/vc_toggle][vc_toggle title=&#8221;Come posso recuperare un oggetto perso durante un tour?&#8221; style=&#8221;square_outline&#8221; color=&#8221;sky&#8221;]Ricordiamo sempre ai nostri ospiti di controllare attentamente di avere con s\u00e9 tutti i loro effetti personali prima di uscire dall&#8217;autobus o dallo yacht alla fine del tour. Sfortunatamente, recuperare oggetti smarriti pu\u00f2 essere piuttosto difficile a causa della partenza immediata dei veicoli per la pulizia e le complessit\u00e0 della logistica egiziana. Sebbene faremo il possibile per aiutarti a ritrovare i tuoi effetti personali, non possiamo garantire un tasso di recupero del 100%. Se riusciamo a trovare il tuo oggetto, ci sar\u00e0 una tassa di consegna di $5-10. Si prega di prestare attenzione ai propri effetti personali![\/vc_toggle][vc_toggle title=&#8221;Dovrei modificare i miei piani o aspettare per il tour?&#8221; style=&#8221;square_outline&#8221; color=&#8221;sky&#8221;]Abbiamo un significativo afflusso giornaliero di richieste di prenotazione per i nostri programmi da parte dei turisti. Di conseguenza, la maggior parte delle escursioni vengono organizzate quotidianamente o in specifici giorni della settimana seguendo un programma dettagliato fornito nella descrizione di ciascun programma. Dopo la prenotazione, ti invieremo l&#8217;ora esatta del prelievo dal tuo hotel. Molti tour saranno condotti con piccoli gruppi provenienti da vari hotel che hanno acquistato escursioni attraverso gli operatori turistici. L&#8217;unica differenza \u00e8 che i nostri prezzi sono del 40-60% pi\u00f9 bassi (i nostri organizzatori conducono tutte le principali escursioni a Hurghada e Sharm El-Sheikh per turisti di lingua russa).[\/vc_toggle][vc_toggle title=&#8221;Dove posso trovare il fotografo che ha scattato le foto durante il tour?&#8221; style=&#8221;square_outline&#8221; color=&#8221;sky&#8221;]Vorremmo informarvi che i fotografi che vi accompagnano durante le escursioni agiscono come rappresentanti indipendenti dei loro studi fotografici. Non fanno parte del nostro servizio online o del team organizzatore del programma. Tutti i termini e le condizioni relativi al servizio fotografico e al suo pagamento vengono discussi e concordati direttamente tra voi e il fotografo. Consigliamo di avvicinarsi ai pagamenti anticipati con cautela e di assicurarsi l&#8217;affidabilit\u00e0 dei servizi, nonch\u00e9 di ottenere tutte le informazioni di contatto del fotografo prima di effettuare qualsiasi pagamento.[\/vc_toggle][\/vc_column][\/vc_row][\/vc_section]<\/p>\n<\/section>","protected":false},"excerpt":{"rendered":"<ul>\n<li><strong>Prezzo &#8211; Adulti (13+ anni): <\/strong>$20<\/li>\n<li><strong>Prezzo &#8211; Bambini (6-12 anni): <\/strong>$12<\/li>\n<li><strong>Durata approssimativa: <\/strong>4 ore<\/li>\n<li><strong>Giorni della settimana: <\/strong>Quotidiano<\/li>\n<\/ul>\n<ul>\n<li><strong>Prenotazione in 3 minuti<\/strong><\/li>\n<li><strong>Foto reali<\/strong><\/li>\n<li><strong>Nessun pagamento anticipato richiesto<\/strong><\/li>\n<li><strong>Trasferimento dall&#8217;hotel<\/strong><\/li>\n<li><strong>Escorta fornita<\/strong><\/li>\n<li><strong>Assicurazione coperta<\/strong><\/li>\n<li><strong>Nessuna tassa nascosta o commissioni<\/strong><\/li>\n<li><strong>Gestore personale<\/strong><\/li>\n<\/ul>\n","protected":false},"featured_media":273,"template":"","meta":[],"product_cat":[18],"product_tag":[],"class_list":{"0":"post-91","1":"product","2":"type-product","3":"status-publish","4":"has-post-thumbnail","6":"product_cat-hurghada-safari","8":"first","9":"instock","10":"shipping-taxable","11":"purchasable","12":"product-type-simple"},"_links":{"self":[{"href":"https:\/\/www.starkhattabychtours.com\/it\/wp-json\/wp\/v2\/product\/91","targetHints":{"allow":["GET"]}}],"collection":[{"href":"https:\/\/www.starkhattabychtours.com\/it\/wp-json\/wp\/v2\/product"}],"about":[{"href":"https:\/\/www.starkhattabychtours.com\/it\/wp-json\/wp\/v2\/types\/product"}],"wp:featuredmedia":[{"embeddable":true,"href":"https:\/\/www.starkhattabychtours.com\/it\/wp-json\/wp\/v2\/media\/273"}],"wp:attachment":[{"href":"https:\/\/www.starkhattabychtours.com\/it\/wp-json\/wp\/v2\/media?parent=91"}],"wp:term":[{"taxonomy":"product_cat","embeddable":true,"href":"https:\/\/www.starkhattabychtours.com\/it\/wp-json\/wp\/v2\/product_cat?post=91"},{"taxonomy":"product_tag","embeddable":true,"href":"https:\/\/www.starkhattabychtours.com\/it\/wp-json\/wp\/v2\/product_tag?post=91"}],"curies":[{"name":"wp","href":"https:\/\/api.w.org\/{rel}","templated":true}]}}