{"id":92,"date":"2024-09-04T08:07:35","date_gmt":"2024-09-04T08:07:35","guid":{"rendered":"https:\/\/www.starkhattabychtours.com\/it\/?post_type=product&#038;p=92"},"modified":"2024-10-05T09:06:45","modified_gmt":"2024-10-05T09:06:45","slug":"parasailing-in-hurghada-parasailing-behind-the-boat","status":"publish","type":"product","link":"https:\/\/www.starkhattabychtours.com\/it\/tour\/parasailing-in-hurghada-parasailing-behind-the-boat","title":{"rendered":"Paracadutismo ad Hurghada (Paracadutismo dietro la barca)"},"content":{"rendered":"<section class=\"wpb-content-wrapper\"><p>[vc_section][vc_row][vc_column width=&#8221;1\/2&#8243;][vc_column_text]<\/p>\n<div class=\"presented-response-container ng-tns-c1254682528-555\">\n<div class=\"response-container-content ng-tns-c1254682528-555 tunable-selection-with-avatar\">\n<div class=\"response-content ng-tns-c1254682528-555\">\n<div class=\"markdown markdown-main-panel\" dir=\"ltr\">\n<p data-sourcepos=\"1:1-1:210\">Una gita in paracadutismo \u00e8 un&#8217;opportunit\u00e0 per immergersi nell&#8217;atmosfera di libert\u00e0 e amore per gli sport estremi! Offre una vista mozzafiato dall&#8217;alto di Hurghada e un senso di libert\u00e0 nello spazio aperto.<\/p>\n<p data-sourcepos=\"1:1-1:265\">Il programma di escursione inizia con un trasferimento dal tuo hotel al molo, dove si trova la tua barca. Da l\u00ec, ti dirigerai verso il mare aperto sulla barca e procederai immediatamente con l&#8217;esperienza di paracadutismo sotto la guida di un istruttore esperto.<\/p>\n<p data-sourcepos=\"3:1-3:275\">Una volta sollevato a un&#8217;altezza di circa 30-40 metri sopra l&#8217;acqua, potrai godere di una vista panoramica mozzafiato di Hurghada e del Mar Rosso. La durata del volo varia da 6 a 9 minuti. Ti sentirai come un uccello che vola nel cielo e godrai della dolce brezza marina.<\/p>\n<p data-sourcepos=\"5:1-5:236\">Dopo il volo, il paracadutismo lascer\u00e0 un&#8217;impressione duratura e vivida nella tua memoria per anni a venire. L&#8217;escursione \u00e8 adatta a chiunque voglia provare nuove sensazioni e godere di un senso di libert\u00e0 &#8211; dai bambini agli adulti.<\/p>\n<p data-sourcepos=\"7:1-7:201\">Gli articoli consigliati per questa escursione includono un costume da bagno, un asciugamano, occhiali da sole e crema solare. Viaggia in sicurezza e con comodit\u00e0 durante questo entusiasmante tour!<\/p>\n<p data-sourcepos=\"9:1-9:66\">Il costo dell&#8217;escursione per due persone per un volo \u00e8 di $25.<\/p>\n<p data-sourcepos=\"11:1-11:122\">Importante! Il peso totale non deve superare i 150 kg. Se supera questo limite, verranno effettuati due voli separati.<\/p>\n<p data-sourcepos=\"13:1-13:67\">La tariffa per un accompagnatore sulla barca \u00e8 di $5 a persona.<\/p>\n<\/div>\n<div class=\"skeleton-loader-container\"><\/div>\n<div class=\"response-footer gap complete\"><\/div>\n<\/div>\n<\/div>\n<\/div>\n<div class=\"response-container-footer ng-tns-c1254682528-555\">\n<div class=\"actions-container-v2 ng-star-inserted\">\n<div class=\"buttons-container-v2 ng-star-inserted\">\n<div class=\"thumbs-up-animation-container\" hidden=\"\"><\/div>\n<div class=\"thumbs-down-animation-container\" hidden=\"\"><\/div>\n<div class=\"menu-button-wrapper ng-star-inserted\"><\/div>\n<p>&nbsp;<\/p>\n<div class=\"menu-button-wrapper ng-star-inserted\">\n<div class=\"more-menu-button-container ng-star-inserted\"><\/div>\n<\/div>\n<div class=\"spacer ng-star-inserted\"><\/div>\n<\/div>\n<\/div>\n<\/div>\n<p>[\/vc_column_text][\/vc_column][vc_column width=&#8221;1\/2&#8243;][vc_images_carousel images=&#8221;792,793&#8243; img_size=&#8221;full&#8221; onclick=&#8221;link_no&#8221; autoplay=&#8221;yes&#8221; wrap=&#8221;yes&#8221;][\/vc_column][\/vc_row][vc_row][vc_column width=&#8221;1\/2&#8243;][vc_column_text]<\/p>\n<h3 data-sourcepos=\"1:1-1:47\"><strong>Cosa \u00e8 incluso nel programma di escursione:<\/strong><\/h3>\n<ul data-sourcepos=\"3:1-6:23\">\n<li data-sourcepos=\"3:1-3:237\"><strong>Trasferimento dall&#8217;hotel:<\/strong> Circa alle 10:00 AM o 2:00 PM, a seconda della tua scelta (l&#8217;orario esatto verr\u00e0 confermato dopo la prenotazione; il viaggio fino al porto dura tra 15 e 40 minuti, a seconda della posizione del tuo hotel);<\/li>\n<li data-sourcepos=\"4:1-4:129\"><strong>Briefing di sicurezza sulla barca prima del volo:<\/strong> Istruzioni su come utilizzare l&#8217;attrezzatura e le procedure di sicurezza;<\/li>\n<li data-sourcepos=\"5:1-5:62\"><strong>Volo in paracadutismo dietro la barca:<\/strong> Circa 7-8 minuti;<\/li>\n<li data-sourcepos=\"6:1-6:23\"><strong>Ritorno in hotel.<\/strong><\/li>\n<\/ul>\n<p>[\/vc_column_text][\/vc_column][vc_column width=&#8221;1\/2&#8243;][vc_column_text]<\/p>\n<div class=\"presented-response-container ng-tns-c1254682528-579\">\n<div class=\"response-container-content ng-tns-c1254682528-579 tunable-selection-with-avatar\">\n<div class=\"response-content ng-tns-c1254682528-579\">\n<div class=\"markdown markdown-main-panel\" dir=\"ltr\">\n<h3 data-sourcepos=\"1:1-1:31\"><strong>Il prezzo del tour include:<\/strong><\/h3>\n<ul data-sourcepos=\"3:1-5:292\">\n<li data-sourcepos=\"3:1-3:39\">Servizi di un istruttore e una guida;<\/li>\n<li data-sourcepos=\"4:1-4:35\">Trasporto all&#8217;interno di Hurghada<\/li>\n<li data-sourcepos=\"5:1-5:292\">(Per le seguenti aree: El Gouna, Sahl Hasheesh e Makadi, c&#8217;\u00e8 un supplemento di +$10* andata e ritorno. Per Soma Bay e Safaga, c&#8217;\u00e8 un supplemento di +$20* andata e ritorno. *Il prezzo indicato \u00e8 per una prenotazione andata e ritorno, fino a 6 persone. Il trasferimento pu\u00f2 essere condiviso.)<\/li>\n<\/ul>\n<\/div>\n<div class=\"skeleton-loader-container\"><\/div>\n<div class=\"response-footer gap complete\"><\/div>\n<\/div>\n<\/div>\n<\/div>\n<div class=\"response-container-footer ng-tns-c1254682528-579\">\n<div class=\"actions-container-v2 ng-star-inserted\">\n<div class=\"buttons-container-v2 ng-star-inserted\">\n<div class=\"thumbs-up-animation-container\" hidden=\"\"><\/div>\n<div class=\"thumbs-down-animation-container\" hidden=\"\"><\/div>\n<div class=\"menu-button-wrapper ng-star-inserted\"><\/div>\n<p>&nbsp;<\/p>\n<div class=\"menu-button-wrapper ng-star-inserted\">\n<div class=\"more-menu-button-container ng-star-inserted\"><\/div>\n<\/div>\n<div class=\"spacer ng-star-inserted\"><\/div>\n<\/div>\n<\/div>\n<\/div>\n<p>[\/vc_column_text][\/vc_column][\/vc_row][\/vc_section][vc_section][vc_row][vc_column]<div id=\"kapee-header-14235\" class=\"kapee-element kapee-heading text-left kapee-width-100 separator-none separator-between-heading\">\t\n\t\t\t\n\t\t\t<div class=\"heading-wrap\">\n\t\t\t<span class=\"separator-left\"><\/span>\n\t\t\t<h2 class=\"heading-title\">Domande frequenti (FAQ): <\/h2>\t\t\t<span class=\"separator-right\"><\/span>\n\t\t\t\t\t<\/div>\n\t\t\n    <\/div>[vc_toggle title=&#8221;Il vostro prezzo \u00e8 cos\u00ec basso&#8230; Probabilmente state facendo un servizio di bassa qualit\u00e0?&#8221; style=&#8221;square_outline&#8221; color=&#8221;sky&#8221;]Offriamo davvero alcuni dei prezzi pi\u00f9 bassi mantenendo un alto livello di servizio. Il motivo \u00e8 che siamo una societ\u00e0 di prenotazioni online per grandi operatori turistici in Egitto, il che ci consente di offrire prezzi molto competitivi grazie al nostro ampio volume di turisti. Prenotando con noi, ricevi un servizio di alta qualit\u00e0 senza pagare eccessivamente gli intermediari.[\/vc_toggle][vc_toggle title=&#8221;Che tipo di autobus e trasferimenti avete?&#8221; style=&#8221;square_outline&#8221; color=&#8221;sky&#8221;]Una variet\u00e0 di trasporti \u00e8 disponibile per l&#8217;uso degli organizzatori dell&#8217;evento all&#8217;interno del parco, tra cui auto, minivan e comodi autobus. Tutti i veicoli sono dotati di aria condizionata e sistemi di sicurezza. Per viaggi pi\u00f9 lunghi, vengono forniti autobus con servizi igienici. Inoltre, tutti i veicoli vengono sottoposti a regolari controlli di manutenzione e sanificazione, e possiedono le necessarie autorizzazioni turistiche. Inoltre, i conducenti vengono sottoposti a ispezioni dalla polizia turistica prima di ogni lungo viaggio.[\/vc_toggle][vc_toggle title=&#8221;Come e quando pago per il tour?&#8221; style=&#8221;square_outline&#8221; color=&#8221;sky&#8221;]Lavoriamo senza pagamento anticipato. Tutti i tour di gruppo vengono pagati sull&#8217;autobus o durante il tour stesso. Le eccezioni sono i pagamenti anticipati per i tour privati e i tour che richiedono l&#8217;acquisto di biglietti aerei o l&#8217;elaborazione di documenti. I nostri programmi principali vengono pagati direttamente durante il trasferimento o all&#8217;inizio del tour. Non \u00e8 necessario cercare qualcuno per pagare il tour. Un dipendente dell&#8217;organizzatore si avviciner\u00e0 a te. Puoi pagare in contanti in dollari USA, euro o sterline egiziane. Per la tua comodit\u00e0, offriamo anche la possibilit\u00e0 di trasferire fondi su una carta bancaria in rubli, grivnie ed euro al tasso di cambio o su un portafoglio di criptovaluta in USDT, prima del tour. Per informazioni pi\u00f9 dettagliate sui metodi di pagamento e sui rimborsi, consulta qui.[\/vc_toggle][vc_toggle title=&#8221;Hai una licenza turistica?&#8221; style=&#8221;square_outline&#8221; color=&#8221;sky&#8221;]L&#8217;Egitto \u00e8 un paese altamente regolamentato, specialmente quando si tratta di turismo. Affinch\u00e9 qualsiasi veicolo o yacht possa partire per un&#8217;escursione, \u00e8 necessario ottenere permessi giornalieri sia dalla polizia che dai militari. Se gli operatori turistici non hanno una valida licenza turistica, naturalmente non gli verranno concessi questi permessi. Ecco perch\u00e9 per alcune escursioni, potremmo richiedere copie dei vostri voucher e passaporti (questo vale per le escursioni marine a Sharm El-Sheikh, i tour privati e alcuni tour di gruppo se coinvolgono l&#8217;uscita dalla citt\u00e0. Per altre escursioni, i permessi vengono semplicemente rilasciati in base al numero di persone e non sono necessari i dettagli del passaporto).[\/vc_toggle][vc_toggle title=&#8221;Siamo assicurati durante l&#8217;escursione?&#8221; style=&#8221;square_outline&#8221; color=&#8221;sky&#8221;]<\/p>\n<p data-sourcepos=\"3:1-3:250\">Sfortunatamente, alcune guide degli hotel cercano di convincere i turisti che la loro assicurazione di viaggio \u00e8 presumibilmente invalida se prenotano escursioni con operatori turistici esterni, invece della loro stessa compagnia. Questo non \u00e8 vero.<\/p>\n<p data-sourcepos=\"5:1-5:148\">Innanzitutto, la tua assicurazione di viaggio \u00e8 valida in tutto l&#8217;Egitto, proprio come lo sarebbe se prenotassi con la compagnia di tour dell&#8217;hotel.<\/p>\n<p data-sourcepos=\"7:1-7:381\">In secondo luogo, se sei su una barca, un autobus o un altro mezzo di trasporto, l&#8217;organizzatore si assume la piena responsabilit\u00e0 assicurativa nei confronti dei passeggeri. Altrimenti, semplicemente non sarebbero in grado di ottenere un permesso per condurre attivit\u00e0 turistiche. L&#8217;Egitto ha regolamenti turistici piuttosto rigidi e sono necessari permessi prima di ogni viaggio.<\/p>\n<p>[\/vc_toggle][vc_toggle title=&#8221;Come posso recuperare un oggetto perso durante un tour?&#8221; style=&#8221;square_outline&#8221; color=&#8221;sky&#8221;]Ricordiamo sempre ai nostri ospiti di controllare attentamente di avere con s\u00e9 tutti i loro effetti personali prima di uscire dall&#8217;autobus o dallo yacht alla fine del tour. Sfortunatamente, recuperare oggetti smarriti pu\u00f2 essere piuttosto difficile a causa della partenza immediata dei veicoli per la pulizia e le complessit\u00e0 della logistica egiziana. Sebbene faremo il possibile per aiutarti a ritrovare i tuoi effetti personali, non possiamo garantire un tasso di recupero del 100%. Se riusciamo a trovare il tuo oggetto, ci sar\u00e0 una tassa di consegna di $5-10. Si prega di prestare attenzione ai propri effetti personali![\/vc_toggle][vc_toggle title=&#8221;Dovrei modificare i miei piani o aspettare per il tour?&#8221; style=&#8221;square_outline&#8221; color=&#8221;sky&#8221;]Abbiamo un significativo afflusso giornaliero di richieste di prenotazione per i nostri programmi da parte dei turisti. Di conseguenza, la maggior parte delle escursioni vengono organizzate quotidianamente o in specifici giorni della settimana seguendo un programma dettagliato fornito nella descrizione di ciascun programma. Dopo la prenotazione, ti invieremo l&#8217;ora esatta del prelievo dal tuo hotel. Molti tour saranno condotti con piccoli gruppi provenienti da vari hotel che hanno acquistato escursioni attraverso gli operatori turistici. L&#8217;unica differenza \u00e8 che i nostri prezzi sono del 40-60% pi\u00f9 bassi (i nostri organizzatori conducono tutte le principali escursioni a Hurghada e Sharm El-Sheikh per turisti di lingua russa).[\/vc_toggle][vc_toggle title=&#8221;Dove posso trovare il fotografo che ha scattato le foto durante il tour?&#8221; style=&#8221;square_outline&#8221; color=&#8221;sky&#8221;]Vorremmo informarvi che i fotografi che vi accompagnano durante le escursioni agiscono come rappresentanti indipendenti dei loro studi fotografici. Non fanno parte del nostro servizio online o del team organizzatore del programma. Tutti i termini e le condizioni relativi al servizio fotografico e al suo pagamento vengono discussi e concordati direttamente tra voi e il fotografo. Consigliamo di avvicinarsi ai pagamenti anticipati con cautela e di assicurarsi l&#8217;affidabilit\u00e0 dei servizi, nonch\u00e9 di ottenere tutte le informazioni di contatto del fotografo prima di effettuare qualsiasi pagamento.[\/vc_toggle][\/vc_column][\/vc_row][\/vc_section]<\/p>\n<\/section>","protected":false},"excerpt":{"rendered":"<ul>\n<li><strong>Prezzo &#8211; Adulti (13+ anni) <\/strong>$14<\/li>\n<li><strong>Prezzo &#8211; Bambini (3-12 anni)<\/strong> $14<\/li>\n<li><strong>Durata approssimativa <\/strong>1 ora<\/li>\n<li><strong>Giorni della settimana <\/strong>Quotidiano<\/li>\n<\/ul>\n<ul>\n<li data-sourcepos=\"3:1-10:21\">Prenotazione in 3 minuti<\/li>\n<li data-sourcepos=\"3:1-10:21\">Nessun pagamento anticipato richiesto<\/li>\n<li data-sourcepos=\"3:1-10:21\">Escorta inclusa<\/li>\n<li data-sourcepos=\"3:1-10:21\">Trasferimento dall&#8217;hotel<\/li>\n<li data-sourcepos=\"3:1-10:21\">Assicurazione valida<\/li>\n<li data-sourcepos=\"3:1-10:21\">Nessuna tassa o commissione aggiuntiva<\/li>\n<li data-sourcepos=\"3:1-10:21\">Foto e recensioni reali<\/li>\n<li data-sourcepos=\"3:1-10:21\">Gestore personale<\/li>\n<\/ul>\n","protected":false},"featured_media":274,"template":"","meta":[],"product_cat":[18],"product_tag":[],"class_list":{"0":"post-92","1":"product","2":"type-product","3":"status-publish","4":"has-post-thumbnail","6":"product_cat-hurghada-safari","8":"first","9":"instock","10":"shipping-taxable","11":"purchasable","12":"product-type-simple"},"_links":{"self":[{"href":"https:\/\/www.starkhattabychtours.com\/it\/wp-json\/wp\/v2\/product\/92","targetHints":{"allow":["GET"]}}],"collection":[{"href":"https:\/\/www.starkhattabychtours.com\/it\/wp-json\/wp\/v2\/product"}],"about":[{"href":"https:\/\/www.starkhattabychtours.com\/it\/wp-json\/wp\/v2\/types\/product"}],"wp:featuredmedia":[{"embeddable":true,"href":"https:\/\/www.starkhattabychtours.com\/it\/wp-json\/wp\/v2\/media\/274"}],"wp:attachment":[{"href":"https:\/\/www.starkhattabychtours.com\/it\/wp-json\/wp\/v2\/media?parent=92"}],"wp:term":[{"taxonomy":"product_cat","embeddable":true,"href":"https:\/\/www.starkhattabychtours.com\/it\/wp-json\/wp\/v2\/product_cat?post=92"},{"taxonomy":"product_tag","embeddable":true,"href":"https:\/\/www.starkhattabychtours.com\/it\/wp-json\/wp\/v2\/product_tag?post=92"}],"curies":[{"name":"wp","href":"https:\/\/api.w.org\/{rel}","templated":true}]}}