{"id":93,"date":"2024-09-04T08:11:42","date_gmt":"2024-09-04T08:11:42","guid":{"rendered":"https:\/\/www.starkhattabychtours.com\/it\/?post_type=product&#038;p=93"},"modified":"2024-10-05T09:08:05","modified_gmt":"2024-10-05T09:08:05","slug":"horseback-riding-in-the-sea-walk","status":"publish","type":"product","link":"https:\/\/www.starkhattabychtours.com\/it\/tour\/horseback-riding-in-the-sea-walk","title":{"rendered":"Passeggiata a cavallo in mare + passeggiata a piedi"},"content":{"rendered":"<section class=\"wpb-content-wrapper\"><p>[vc_section][vc_row][vc_column][vc_column_text]L&#8217;escursione di equitazione e nuoto ad Hurghada ti lascer\u00e0 ricordi indelebili per tutta la vita. Un comodo trasferimento ti porter\u00e0 alla scuderia vicino alla citt\u00e0, dove un nuovo amico a quattro zampe ti star\u00e0 gi\u00e0 aspettando. Insieme, percorrerai una breve distanza di 200 metri fino alla dorata riva.<\/p>\n<p>Qui, inizier\u00e0 la tua amichevole passeggiata a cavallo lungo le pittoresche spiagge verso El Gouna, permettendoti di godere della bellezza circostante per circa 40 minuti in una direzione. Poi, tornerai lungo lo stesso percorso. Sei libero di scegliere: rimanere sulla striscia costiera, dove le onde accarezzano dolcemente la riva, o intraprendere un viaggio nelle piccole montagne e nelle dune costiere, dove puoi sentirti un vero cavaliere del deserto.<\/p>\n<p>Ma la parte pi\u00f9 magica \u00e8 ancora da venire: nuotare con il cavallo nelle calde acque del Mar Rosso. Entra in mare a cavallo del tuo fedele destriero, immergiti in acqua profonda circa 1,20 metri e trascorri l\u00ec circa 30 minuti. Durante questo tempo, puoi rimanere a cavallo, provando l&#8217;indescrivibile sensazione di movimento sincronizzato con l&#8217;animale sott&#8217;acqua, o puoi scendere per aiutarlo a rinfrescarsi nel mare fresco. Questa \u00e8 un&#8217;esperienza unica che ti fornir\u00e0 una ricchezza di emozioni indimenticabili e l&#8217;opportunit\u00e0 di connetterti veramente con la natura.<\/p>\n<p>Non dimenticare di immortalare questi momenti in foto, che gli istruttori saranno felici di scattare sul tuo telefono, cos\u00ec potrai condividere queste meravigliose impressioni con amici e cari. E dopo l&#8217;esperienza in acqua fresca, condurrai nuovamente il tuo cavallo alla scuderia, dove, se porti frutta o verdura, puoi ringraziarlo con una carota o altri dolcetti per la sua compagnia e lealt\u00e0 durante questa straordinaria avventura.<\/p>\n<p>In conclusione, un trasferimento ti aspetter\u00e0 per riportarti all&#8217;hotel, dove potrai rilassarti e digerire i nuovi ricordi di una giornata trascorsa in armonia con la natura, il mare e, naturalmente, con splendidi cavalli[\/vc_column_text][\/vc_column][\/vc_row][vc_row][vc_column width=&#8221;1\/2&#8243;][vc_column_text]<\/p>\n<h3 data-sourcepos=\"5:1-5:41\">Offriamo due programmi tra cui scegliere:<\/h3>\n<ul data-sourcepos=\"7:1-9:0\">\n<li data-sourcepos=\"7:1-7:42\">Programma n. 1, 1 ora = $18, bambini $9;<\/li>\n<li data-sourcepos=\"8:1-9:0\">Programma n. 2, 2 ore = $28, bambini $14.<\/li>\n<\/ul>\n<p data-sourcepos=\"10:1-17:164\">Cosa \u00e8 incluso nel programma dell&#8217;escursione: Trasporto all&#8217;inizio del programma, dalle 10:00 alle 17:00 (a seconda dell&#8217;orario desiderato e della disponibilit\u00e0 del veicolo; il tempo di percorrenza \u00e8 di circa 35 minuti); Una passeggiata con l&#8217;animale fino alla riva, a una distanza di circa 200 metri dalla stalla; P. n. 1 Passeggiata a cavallo su una spiaggia vicino alla stalla, circa 30 minuti; P. n. 2 Passeggiata a cavallo lungo la costa verso diverse spiagge, dirigendosi verso El Gouna, circa 40 minuti in un senso e ritorno, per un totale di circa 80-90 minuti; Nuotata in mare con il tuo cavallo, trascorrendo circa 30 minuti in acqua a una profondit\u00e0 di circa 1,20 m; Sessione fotografica con il tuo telefono, che gli istruttori possono fare; Dopo il nuoto, puoi riaccompagnare il tuo cavallo alla stalla e, se lo desideri, offrirgli degli snack come ringraziamento per l&#8217;avventura (purch\u00e9 li porti con te)<\/p>\n<p>[\/vc_column_text][\/vc_column][vc_column width=&#8221;1\/2&#8243;][vc_column_text]<\/p>\n<h3 data-sourcepos=\"5:1-5:34\">Il prezzo dell&#8217;escursione include:<\/h3>\n<ul data-sourcepos=\"7:1-12:0\">\n<li data-sourcepos=\"7:1-7:58\">Assistenza dell&#8217;istruttore, fotografia sul tuo telefono.<\/li>\n<li data-sourcepos=\"8:1-8:32\">Passeggiata a cavallo e nuoto.<\/li>\n<li data-sourcepos=\"9:1-12:0\">Servizi di trasporto ad Hurghada. (Le aree di El Gouna, Sahl Hasheesh e Makadi hanno un supplemento di +$10* a tratta. Soma Bay e Safaga hanno un supplemento di +$20* a tratta. *Il costo \u00e8 per una prenotazione a tratta, fino a 6 persone. Il trasferimento potrebbe essere condiviso.)<\/li>\n<\/ul>\n<h3 data-sourcepos=\"13:1-13:46\">Cosa non \u00e8 incluso nel prezzo dell&#8217;escursione:<\/h3>\n<ul data-sourcepos=\"15:1-18:46\">\n<li data-sourcepos=\"15:1-15:35\">Mance per lo staff (facoltativo).<\/li>\n<li data-sourcepos=\"16:1-16:100\">Accompagnamento per uno o due cavalieri (supplemento per il trasferimento di +$5 al costo totale).<\/li>\n<li data-sourcepos=\"17:1-17:48\">Mangime per cavalli (non disponibile in loco).<\/li>\n<li data-sourcepos=\"18:1-18:46\">Bambini fino a 5 anni (inclusi) \u2013 Gratuito<\/li>\n<\/ul>\n<p>[\/vc_column_text][\/vc_column][\/vc_row][vc_row][vc_column][vc_column_text]<\/p>\n<h2>Informazioni aggiuntive:<\/h2>\n<ul>\n<li>Si prega di notare che se desiderate voi o i vostri bambini nutrire gli animali durante il viaggio, portate con voi della frutta o verdura dall&#8217;hotel (mela, carota, banana) &#8211; l&#8217;alimentazione \u00e8 gratuita;<\/li>\n<li>\u00c8 importante notare che se una persona pesa pi\u00f9 di 100 kg, sar\u00e0 fornito un cammello solo per le cavalcate (senza la possibilit\u00e0 di fare il bagno con esso), con un costo totale di $24\/$34 (\u00e8 necessaria la prenotazione anticipata);<\/li>\n<li>Per le persone senza esperienza di equitazione, consigliamo di prenotare un programma di un&#8217;ora, e se desiderate cavalcare pi\u00f9 a lungo, potete estenderlo per una seconda ora;<\/li>\n<li>Il viaggio dall&#8217;hotel alle scuderie dura circa 35-40 minuti verso El Gouna e dipende dalla posizione dell&#8217;hotel.<\/li>\n<\/ul>\n<p>[\/vc_column_text][\/vc_column][\/vc_row][\/vc_section][vc_section][vc_row][vc_column]<div id=\"kapee-header-51117\" class=\"kapee-element kapee-heading text-left kapee-width-100 separator-none separator-between-heading\">\t\n\t\t\t\n\t\t\t<div class=\"heading-wrap\">\n\t\t\t<span class=\"separator-left\"><\/span>\n\t\t\t<h2 class=\"heading-title\">Domande frequenti (FAQ): <\/h2>\t\t\t<span class=\"separator-right\"><\/span>\n\t\t\t\t\t<\/div>\n\t\t\n    <\/div>[vc_toggle title=&#8221;Il vostro prezzo \u00e8 cos\u00ec basso&#8230; Probabilmente state facendo un servizio di bassa qualit\u00e0?&#8221; style=&#8221;square_outline&#8221; color=&#8221;sky&#8221;]Offriamo davvero alcuni dei prezzi pi\u00f9 bassi mantenendo un alto livello di servizio. Il motivo \u00e8 che siamo una societ\u00e0 di prenotazioni online per grandi operatori turistici in Egitto, il che ci consente di offrire prezzi molto competitivi grazie al nostro ampio volume di turisti. Prenotando con noi, ricevi un servizio di alta qualit\u00e0 senza pagare eccessivamente gli intermediari.[\/vc_toggle][vc_toggle title=&#8221;Che tipo di autobus e trasferimenti avete?&#8221; style=&#8221;square_outline&#8221; color=&#8221;sky&#8221;]Una variet\u00e0 di trasporti \u00e8 disponibile per l&#8217;uso degli organizzatori dell&#8217;evento all&#8217;interno del parco, tra cui auto, minivan e comodi autobus. Tutti i veicoli sono dotati di aria condizionata e sistemi di sicurezza. Per viaggi pi\u00f9 lunghi, vengono forniti autobus con servizi igienici. Inoltre, tutti i veicoli vengono sottoposti a regolari controlli di manutenzione e sanificazione, e possiedono le necessarie autorizzazioni turistiche. Inoltre, i conducenti vengono sottoposti a ispezioni dalla polizia turistica prima di ogni lungo viaggio.[\/vc_toggle][vc_toggle title=&#8221;Come e quando pago per il tour?&#8221; style=&#8221;square_outline&#8221; color=&#8221;sky&#8221;]Lavoriamo senza pagamento anticipato. Tutti i tour di gruppo vengono pagati sull&#8217;autobus o durante il tour stesso. Le eccezioni sono i pagamenti anticipati per i tour privati e i tour che richiedono l&#8217;acquisto di biglietti aerei o l&#8217;elaborazione di documenti. I nostri programmi principali vengono pagati direttamente durante il trasferimento o all&#8217;inizio del tour. Non \u00e8 necessario cercare qualcuno per pagare il tour. Un dipendente dell&#8217;organizzatore si avviciner\u00e0 a te. Puoi pagare in contanti in dollari USA, euro o sterline egiziane. Per la tua comodit\u00e0, offriamo anche la possibilit\u00e0 di trasferire fondi su una carta bancaria in rubli, grivnie ed euro al tasso di cambio o su un portafoglio di criptovaluta in USDT, prima del tour. Per informazioni pi\u00f9 dettagliate sui metodi di pagamento e sui rimborsi, consulta qui.[\/vc_toggle][vc_toggle title=&#8221;Hai una licenza turistica?&#8221; style=&#8221;square_outline&#8221; color=&#8221;sky&#8221;]L&#8217;Egitto \u00e8 un paese altamente regolamentato, specialmente quando si tratta di turismo. Affinch\u00e9 qualsiasi veicolo o yacht possa partire per un&#8217;escursione, \u00e8 necessario ottenere permessi giornalieri sia dalla polizia che dai militari. Se gli operatori turistici non hanno una valida licenza turistica, naturalmente non gli verranno concessi questi permessi. Ecco perch\u00e9 per alcune escursioni, potremmo richiedere copie dei vostri voucher e passaporti (questo vale per le escursioni marine a Sharm El-Sheikh, i tour privati e alcuni tour di gruppo se coinvolgono l&#8217;uscita dalla citt\u00e0. Per altre escursioni, i permessi vengono semplicemente rilasciati in base al numero di persone e non sono necessari i dettagli del passaporto).[\/vc_toggle][vc_toggle title=&#8221;Siamo assicurati durante l&#8217;escursione?&#8221; style=&#8221;square_outline&#8221; color=&#8221;sky&#8221;]<\/p>\n<p data-sourcepos=\"3:1-3:250\">Sfortunatamente, alcune guide degli hotel cercano di convincere i turisti che la loro assicurazione di viaggio \u00e8 presumibilmente invalida se prenotano escursioni con operatori turistici esterni, invece della loro stessa compagnia. Questo non \u00e8 vero.<\/p>\n<p data-sourcepos=\"5:1-5:148\">Innanzitutto, la tua assicurazione di viaggio \u00e8 valida in tutto l&#8217;Egitto, proprio come lo sarebbe se prenotassi con la compagnia di tour dell&#8217;hotel.<\/p>\n<p data-sourcepos=\"7:1-7:381\">In secondo luogo, se sei su una barca, un autobus o un altro mezzo di trasporto, l&#8217;organizzatore si assume la piena responsabilit\u00e0 assicurativa nei confronti dei passeggeri. Altrimenti, semplicemente non sarebbero in grado di ottenere un permesso per condurre attivit\u00e0 turistiche. L&#8217;Egitto ha regolamenti turistici piuttosto rigidi e sono necessari permessi prima di ogni viaggio.<\/p>\n<p>[\/vc_toggle][vc_toggle title=&#8221;Come posso recuperare un oggetto perso durante un tour?&#8221; style=&#8221;square_outline&#8221; color=&#8221;sky&#8221;]Ricordiamo sempre ai nostri ospiti di controllare attentamente di avere con s\u00e9 tutti i loro effetti personali prima di uscire dall&#8217;autobus o dallo yacht alla fine del tour. Sfortunatamente, recuperare oggetti smarriti pu\u00f2 essere piuttosto difficile a causa della partenza immediata dei veicoli per la pulizia e le complessit\u00e0 della logistica egiziana. Sebbene faremo il possibile per aiutarti a ritrovare i tuoi effetti personali, non possiamo garantire un tasso di recupero del 100%. Se riusciamo a trovare il tuo oggetto, ci sar\u00e0 una tassa di consegna di $5-10. Si prega di prestare attenzione ai propri effetti personali![\/vc_toggle][vc_toggle title=&#8221;Dovrei modificare i miei piani o aspettare per il tour?&#8221; style=&#8221;square_outline&#8221; color=&#8221;sky&#8221;]Abbiamo un significativo afflusso giornaliero di richieste di prenotazione per i nostri programmi da parte dei turisti. Di conseguenza, la maggior parte delle escursioni vengono organizzate quotidianamente o in specifici giorni della settimana seguendo un programma dettagliato fornito nella descrizione di ciascun programma. Dopo la prenotazione, ti invieremo l&#8217;ora esatta del prelievo dal tuo hotel. Molti tour saranno condotti con piccoli gruppi provenienti da vari hotel che hanno acquistato escursioni attraverso gli operatori turistici. L&#8217;unica differenza \u00e8 che i nostri prezzi sono del 40-60% pi\u00f9 bassi (i nostri organizzatori conducono tutte le principali escursioni a Hurghada e Sharm El-Sheikh per turisti di lingua russa).[\/vc_toggle][vc_toggle title=&#8221;Dove posso trovare il fotografo che ha scattato le foto durante il tour?&#8221; style=&#8221;square_outline&#8221; color=&#8221;sky&#8221;]Vorremmo informarvi che i fotografi che vi accompagnano durante le escursioni agiscono come rappresentanti indipendenti dei loro studi fotografici. Non fanno parte del nostro servizio online o del team organizzatore del programma. Tutti i termini e le condizioni relativi al servizio fotografico e al suo pagamento vengono discussi e concordati direttamente tra voi e il fotografo. Consigliamo di avvicinarsi ai pagamenti anticipati con cautela e di assicurarsi l&#8217;affidabilit\u00e0 dei servizi, nonch\u00e9 di ottenere tutte le informazioni di contatto del fotografo prima di effettuare qualsiasi pagamento.[\/vc_toggle][\/vc_column][\/vc_row][\/vc_section]<\/p>\n<\/section>","protected":false},"excerpt":{"rendered":"<ul>\n<li data-sourcepos=\"12:3-12:14\"><strong>Prezzo-<\/strong><strong>Adulti (dai 13 anni in su): a partire da<\/strong> $18<\/li>\n<li data-sourcepos=\"14:4-16:44\"><strong>Prezzo-Bambini<\/strong> <strong>(dai 6 ai 12 anni):<\/strong> $9 \/ $14<\/li>\n<li data-sourcepos=\"14:4-16:44\"><strong>Durata stimata:<\/strong> 2-3 ore<\/li>\n<li data-sourcepos=\"14:4-16:44\"><strong>Giorni della settimana:<\/strong> Tutti i giorni<\/li>\n<\/ul>\n<ul>\n<li>Nessun pagamento anticipato<\/li>\n<li>Trasferimento dall&#8217;hotel<\/li>\n<li>Assicurazione valida<\/li>\n<li>Nessuna tassa o commissione aggiuntiva<\/li>\n<li>Foto e recensioni reali<\/li>\n<li>Gestore personale<\/li>\n<\/ul>\n","protected":false},"featured_media":198,"template":"","meta":[],"product_cat":[19],"product_tag":[],"class_list":{"0":"post-93","1":"product","2":"type-product","3":"status-publish","4":"has-post-thumbnail","6":"product_cat-hurghada-entertainment","8":"first","9":"instock","10":"shipping-taxable","11":"purchasable","12":"product-type-simple"},"_links":{"self":[{"href":"https:\/\/www.starkhattabychtours.com\/it\/wp-json\/wp\/v2\/product\/93","targetHints":{"allow":["GET"]}}],"collection":[{"href":"https:\/\/www.starkhattabychtours.com\/it\/wp-json\/wp\/v2\/product"}],"about":[{"href":"https:\/\/www.starkhattabychtours.com\/it\/wp-json\/wp\/v2\/types\/product"}],"wp:featuredmedia":[{"embeddable":true,"href":"https:\/\/www.starkhattabychtours.com\/it\/wp-json\/wp\/v2\/media\/198"}],"wp:attachment":[{"href":"https:\/\/www.starkhattabychtours.com\/it\/wp-json\/wp\/v2\/media?parent=93"}],"wp:term":[{"taxonomy":"product_cat","embeddable":true,"href":"https:\/\/www.starkhattabychtours.com\/it\/wp-json\/wp\/v2\/product_cat?post=93"},{"taxonomy":"product_tag","embeddable":true,"href":"https:\/\/www.starkhattabychtours.com\/it\/wp-json\/wp\/v2\/product_tag?post=93"}],"curies":[{"name":"wp","href":"https:\/\/api.w.org\/{rel}","templated":true}]}}