{"id":94,"date":"2024-09-04T08:17:32","date_gmt":"2024-09-04T08:17:32","guid":{"rendered":"https:\/\/www.starkhattabychtours.com\/it\/?post_type=product&#038;p=94"},"modified":"2024-10-05T09:09:43","modified_gmt":"2024-10-05T09:09:43","slug":"sunset-in-el-gouna-by-car","status":"publish","type":"product","link":"https:\/\/www.starkhattabychtours.com\/it\/tour\/sunset-in-el-gouna-by-car","title":{"rendered":"Tramonto ad El Gouna (in auto)"},"content":{"rendered":"<section class=\"wpb-content-wrapper\"><p>[vc_section][vc_row][vc_column][vc_column_text]<\/p>\n<p data-sourcepos=\"3:1-3:102\">Presentiamo una nuova escursione educativa in una citt\u00e0 insolita, a soli 25 km da Hurghada: El Gouna.<\/p>\n<p data-sourcepos=\"5:1-5:190\">Molti desiderano saperne di pi\u00f9 su questa destinazione turistica, passeggiare per le strade della &#8216;Venezia egiziana&#8217; e vedere il sogno realizzato dall&#8217;uomo pi\u00f9 ricco d&#8217;Egitto: Samih Sawiris!<\/p>\n<p data-sourcepos=\"7:1-7:236\">Visiterai questa straordinaria citt\u00e0 nel deserto con corsi d&#8217;acqua artificiali e verde lungo le rive del Mar Rosso. Verrai portato in tutti i luoghi pi\u00f9 significativi di questa bellissima zona in un comodo minibus con aria condizionata!<\/p>\n<p data-sourcepos=\"9:1-9:203\">L&#8217;escursione si svolge in modo speciale nel pomeriggio in modo da poter trascorrere il resto della giornata in buona compagnia con una guida di lingua russa a un ritmo rilassato e con attivit\u00e0 moderata<\/p>\n<p>[\/vc_column_text][\/vc_column][\/vc_row][vc_row][vc_column width=&#8221;1\/2&#8243;][vc_column_text]<\/p>\n<h3 data-sourcepos=\"3:1-3:45\">Cosa \u00e8 incluso nel programma dell&#8217;escursione:<\/h3>\n<ul data-sourcepos=\"5:1-11:38\">\n<li data-sourcepos=\"5:1-5:182\">Trasferimento dall&#8217;hotel intorno alle 14:30 (l&#8217;orario esatto verr\u00e0 confermato dopo la prenotazione; il tempo di viaggio \u00e8 tra 40 e 70 minuti, a seconda della posizione dell&#8217;hotel);<\/li>\n<li data-sourcepos=\"6:1-6:136\">Una passeggiata lungo la strada centrale della citt\u00e0, con l&#8217;opportunit\u00e0 di scattare foto sullo sfondo di edifici interessanti e verde;<\/li>\n<li data-sourcepos=\"7:1-7:239\">Un giro in barca attraverso i canali di El Gouna per circa 30 minuti, dove \u00e8 possibile vedere hotel di lusso, belle ville di persone di successo provenienti da diversi paesi e una semplicemente sorprendente architettura in diversi stili;<\/li>\n<li data-sourcepos=\"8:1-8:121\">Visita alla torre di osservazione, che offre una bellissima vista dell&#8217;intera citt\u00e0, campi da golf, canali e Mar Rosso;<\/li>\n<li data-sourcepos=\"9:1-9:252\">Una passeggiata nella zona di Cinema Plaza &#8211; una struttura architettonica molto interessante costruita per festival cinematografici, completa di tappeti rossi e vari eventi festival. Avrai l&#8217;opportunit\u00e0 di scattare magnifiche foto per i social media;<\/li>\n<li data-sourcepos=\"10:1-10:302\">Tempo trascorso sull&#8217;incredibile lungomare &#8211; marina, dove sono ormeggiati grandi yacht privati \u200b\u200bdi lusso. Avrai tempo per passeggiare nella parte pi\u00f9 bella e vivace della citt\u00e0 lungo strade che ricordano l&#8217;Europa, gustare un caff\u00e8 in moderni locali con vista sulla baia e scattare fotografie serali;<\/li>\n<li data-sourcepos=\"11:1-11:38\">Ritorno in hotel intorno alle 19:30<\/li>\n<\/ul>\n<p>[\/vc_column_text][\/vc_column][vc_column width=&#8221;1\/2&#8243;][vc_column_text]<\/p>\n<h3 data-sourcepos=\"3:1-3:33\">Il costo dell&#8217;escursione include:<\/h3>\n<ul data-sourcepos=\"5:1-7:0\">\n<li data-sourcepos=\"5:1-5:39\">Servizi di una guida di lingua russa;<\/li>\n<li data-sourcepos=\"6:1-7:0\">Servizi di trasporto ad El Gouna e in citt\u00e0 (le zone El Gouna, Sahl Hasheesh e Makadi comportano un sovrapprezzo di +$10* andata e ritorno. Le zone Soma Bay e Safaga comportano un sovrapprezzo di +$20* andata e ritorno. *Il costo \u00e8 specificato per una prenotazione andata e ritorno, fino a 6 persone. Il trasferimento pu\u00f2 essere condiviso).<\/li>\n<\/ul>\n<h3 data-sourcepos=\"8:1-8:38\">Non incluso nel costo dell&#8217;escursione:<\/h3>\n<ul data-sourcepos=\"10:1-12:0\">\n<li data-sourcepos=\"10:1-10:40\">Acquisti presso stabilimenti o negozi;<\/li>\n<li data-sourcepos=\"11:1-12:0\">Mance (opzionali).<\/li>\n<\/ul>\n<p data-sourcepos=\"13:1-13:41\">Bambini fino a 5 anni inclusi \u2014 Gratuito<\/p>\n<p>[\/vc_column_text][\/vc_column][\/vc_row][\/vc_section][vc_section][vc_row][vc_column]<div id=\"kapee-header-83143\" class=\"kapee-element kapee-heading text-left kapee-width-100 separator-none separator-between-heading\">\t\n\t\t\t\n\t\t\t<div class=\"heading-wrap\">\n\t\t\t<span class=\"separator-left\"><\/span>\n\t\t\t<h2 class=\"heading-title\">Domande frequenti (FAQ): <\/h2>\t\t\t<span class=\"separator-right\"><\/span>\n\t\t\t\t\t<\/div>\n\t\t\n    <\/div>[vc_toggle title=&#8221;Il vostro prezzo \u00e8 cos\u00ec basso&#8230; Probabilmente state facendo un servizio di bassa qualit\u00e0?&#8221; style=&#8221;square_outline&#8221; color=&#8221;sky&#8221;]Offriamo davvero alcuni dei prezzi pi\u00f9 bassi mantenendo un alto livello di servizio. Il motivo \u00e8 che siamo una societ\u00e0 di prenotazioni online per grandi operatori turistici in Egitto, il che ci consente di offrire prezzi molto competitivi grazie al nostro ampio volume di turisti. Prenotando con noi, ricevi un servizio di alta qualit\u00e0 senza pagare eccessivamente gli intermediari.[\/vc_toggle][vc_toggle title=&#8221;Che tipo di autobus e trasferimenti avete?&#8221; style=&#8221;square_outline&#8221; color=&#8221;sky&#8221;]Una variet\u00e0 di trasporti \u00e8 disponibile per l&#8217;uso degli organizzatori dell&#8217;evento all&#8217;interno del parco, tra cui auto, minivan e comodi autobus. Tutti i veicoli sono dotati di aria condizionata e sistemi di sicurezza. Per viaggi pi\u00f9 lunghi, vengono forniti autobus con servizi igienici. Inoltre, tutti i veicoli vengono sottoposti a regolari controlli di manutenzione e sanificazione, e possiedono le necessarie autorizzazioni turistiche. Inoltre, i conducenti vengono sottoposti a ispezioni dalla polizia turistica prima di ogni lungo viaggio.[\/vc_toggle][vc_toggle title=&#8221;Come e quando pago per il tour?&#8221; style=&#8221;square_outline&#8221; color=&#8221;sky&#8221;]Lavoriamo senza pagamento anticipato. Tutti i tour di gruppo vengono pagati sull&#8217;autobus o durante il tour stesso. Le eccezioni sono i pagamenti anticipati per i tour privati e i tour che richiedono l&#8217;acquisto di biglietti aerei o l&#8217;elaborazione di documenti. I nostri programmi principali vengono pagati direttamente durante il trasferimento o all&#8217;inizio del tour. Non \u00e8 necessario cercare qualcuno per pagare il tour. Un dipendente dell&#8217;organizzatore si avviciner\u00e0 a te. Puoi pagare in contanti in dollari USA, euro o sterline egiziane. Per la tua comodit\u00e0, offriamo anche la possibilit\u00e0 di trasferire fondi su una carta bancaria in rubli, grivnie ed euro al tasso di cambio o su un portafoglio di criptovaluta in USDT, prima del tour. Per informazioni pi\u00f9 dettagliate sui metodi di pagamento e sui rimborsi, consulta qui.[\/vc_toggle][vc_toggle title=&#8221;Hai una licenza turistica?&#8221; style=&#8221;square_outline&#8221; color=&#8221;sky&#8221;]L&#8217;Egitto \u00e8 un paese altamente regolamentato, specialmente quando si tratta di turismo. Affinch\u00e9 qualsiasi veicolo o yacht possa partire per un&#8217;escursione, \u00e8 necessario ottenere permessi giornalieri sia dalla polizia che dai militari. Se gli operatori turistici non hanno una valida licenza turistica, naturalmente non gli verranno concessi questi permessi. Ecco perch\u00e9 per alcune escursioni, potremmo richiedere copie dei vostri voucher e passaporti (questo vale per le escursioni marine a Sharm El-Sheikh, i tour privati e alcuni tour di gruppo se coinvolgono l&#8217;uscita dalla citt\u00e0. Per altre escursioni, i permessi vengono semplicemente rilasciati in base al numero di persone e non sono necessari i dettagli del passaporto).[\/vc_toggle][vc_toggle title=&#8221;Siamo assicurati durante l&#8217;escursione?&#8221; style=&#8221;square_outline&#8221; color=&#8221;sky&#8221;]<\/p>\n<p data-sourcepos=\"3:1-3:250\">Sfortunatamente, alcune guide degli hotel cercano di convincere i turisti che la loro assicurazione di viaggio \u00e8 presumibilmente invalida se prenotano escursioni con operatori turistici esterni, invece della loro stessa compagnia. Questo non \u00e8 vero.<\/p>\n<p data-sourcepos=\"5:1-5:148\">Innanzitutto, la tua assicurazione di viaggio \u00e8 valida in tutto l&#8217;Egitto, proprio come lo sarebbe se prenotassi con la compagnia di tour dell&#8217;hotel.<\/p>\n<p data-sourcepos=\"7:1-7:381\">In secondo luogo, se sei su una barca, un autobus o un altro mezzo di trasporto, l&#8217;organizzatore si assume la piena responsabilit\u00e0 assicurativa nei confronti dei passeggeri. Altrimenti, semplicemente non sarebbero in grado di ottenere un permesso per condurre attivit\u00e0 turistiche. L&#8217;Egitto ha regolamenti turistici piuttosto rigidi e sono necessari permessi prima di ogni viaggio.<\/p>\n<p>[\/vc_toggle][vc_toggle title=&#8221;Come posso recuperare un oggetto perso durante un tour?&#8221; style=&#8221;square_outline&#8221; color=&#8221;sky&#8221;]Ricordiamo sempre ai nostri ospiti di controllare attentamente di avere con s\u00e9 tutti i loro effetti personali prima di uscire dall&#8217;autobus o dallo yacht alla fine del tour. Sfortunatamente, recuperare oggetti smarriti pu\u00f2 essere piuttosto difficile a causa della partenza immediata dei veicoli per la pulizia e le complessit\u00e0 della logistica egiziana. Sebbene faremo il possibile per aiutarti a ritrovare i tuoi effetti personali, non possiamo garantire un tasso di recupero del 100%. Se riusciamo a trovare il tuo oggetto, ci sar\u00e0 una tassa di consegna di $5-10. Si prega di prestare attenzione ai propri effetti personali![\/vc_toggle][vc_toggle title=&#8221;Dovrei modificare i miei piani o aspettare per il tour?&#8221; style=&#8221;square_outline&#8221; color=&#8221;sky&#8221;]Abbiamo un significativo afflusso giornaliero di richieste di prenotazione per i nostri programmi da parte dei turisti. Di conseguenza, la maggior parte delle escursioni vengono organizzate quotidianamente o in specifici giorni della settimana seguendo un programma dettagliato fornito nella descrizione di ciascun programma. Dopo la prenotazione, ti invieremo l&#8217;ora esatta del prelievo dal tuo hotel. Molti tour saranno condotti con piccoli gruppi provenienti da vari hotel che hanno acquistato escursioni attraverso gli operatori turistici. L&#8217;unica differenza \u00e8 che i nostri prezzi sono del 40-60% pi\u00f9 bassi (i nostri organizzatori conducono tutte le principali escursioni a Hurghada e Sharm El-Sheikh per turisti di lingua russa).[\/vc_toggle][vc_toggle title=&#8221;Dove posso trovare il fotografo che ha scattato le foto durante il tour?&#8221; style=&#8221;square_outline&#8221; color=&#8221;sky&#8221;]Vorremmo informarvi che i fotografi che vi accompagnano durante le escursioni agiscono come rappresentanti indipendenti dei loro studi fotografici. Non fanno parte del nostro servizio online o del team organizzatore del programma. Tutti i termini e le condizioni relativi al servizio fotografico e al suo pagamento vengono discussi e concordati direttamente tra voi e il fotografo. Consigliamo di avvicinarsi ai pagamenti anticipati con cautela e di assicurarsi l&#8217;affidabilit\u00e0 dei servizi, nonch\u00e9 di ottenere tutte le informazioni di contatto del fotografo prima di effettuare qualsiasi pagamento.[\/vc_toggle][\/vc_column][\/vc_row][\/vc_section]<\/p>\n<\/section>","protected":false},"excerpt":{"rendered":"<p>Prezzo \u2013 adulti (dai 13 anni) $30<br \/>\nPrezzo \u2013 bambini (dai 6 ai 12 anni) $15<br \/>\nDurata stimata 5 ore<br \/>\nGiorni della settimana: Gio, Dom<\/p>\n<ul>\n<li>Prenotazione in 3 minuti<\/li>\n<li>Nessun pagamento anticipato richiesto<\/li>\n<li>Trasferimento in hotel<\/li>\n<li>Guida di lingua russa<\/li>\n<li>Assicurazione valida<\/li>\n<li>Nessun costo aggiuntivo o tassa<\/li>\n<li>Foto e recensioni reali<\/li>\n<li>Gestore personale<\/li>\n<\/ul>\n","protected":false},"featured_media":200,"template":"","meta":[],"product_cat":[19],"product_tag":[],"class_list":{"0":"post-94","1":"product","2":"type-product","3":"status-publish","4":"has-post-thumbnail","6":"product_cat-hurghada-entertainment","8":"first","9":"instock","10":"shipping-taxable","11":"purchasable","12":"product-type-simple"},"_links":{"self":[{"href":"https:\/\/www.starkhattabychtours.com\/it\/wp-json\/wp\/v2\/product\/94","targetHints":{"allow":["GET"]}}],"collection":[{"href":"https:\/\/www.starkhattabychtours.com\/it\/wp-json\/wp\/v2\/product"}],"about":[{"href":"https:\/\/www.starkhattabychtours.com\/it\/wp-json\/wp\/v2\/types\/product"}],"wp:featuredmedia":[{"embeddable":true,"href":"https:\/\/www.starkhattabychtours.com\/it\/wp-json\/wp\/v2\/media\/200"}],"wp:attachment":[{"href":"https:\/\/www.starkhattabychtours.com\/it\/wp-json\/wp\/v2\/media?parent=94"}],"wp:term":[{"taxonomy":"product_cat","embeddable":true,"href":"https:\/\/www.starkhattabychtours.com\/it\/wp-json\/wp\/v2\/product_cat?post=94"},{"taxonomy":"product_tag","embeddable":true,"href":"https:\/\/www.starkhattabychtours.com\/it\/wp-json\/wp\/v2\/product_tag?post=94"}],"curies":[{"name":"wp","href":"https:\/\/api.w.org\/{rel}","templated":true}]}}