{"id":95,"date":"2024-09-04T08:24:08","date_gmt":"2024-09-04T08:24:08","guid":{"rendered":"https:\/\/www.starkhattabychtours.com\/it\/?post_type=product&#038;p=95"},"modified":"2024-10-05T09:11:16","modified_gmt":"2024-10-05T09:11:16","slug":"sahl-hasheesh-and-the-sand-city","status":"publish","type":"product","link":"https:\/\/www.starkhattabychtours.com\/it\/tour\/sahl-hasheesh-and-the-sand-city","title":{"rendered":"Sahl Hasheesh e la citt\u00e0 di sabbia"},"content":{"rendered":"<section class=\"wpb-content-wrapper\"><p>[vc_section][vc_row][vc_column width=&#8221;1\/2&#8243;][vc_column_text]<\/p>\n<p data-sourcepos=\"3:1-3:154\">Un&#8217;escursione attiva che ti permetter\u00e0 di rilassarti un po&#8217; dopo il bagno al sole mattutino in spiaggia e il pranzo in hotel, tutto ad un ottimo prezzo.<\/p>\n<p data-sourcepos=\"5:1-5:320\">Non solo vedrai la citt\u00e0 di sabbia, che viene venduta come escursione separata ad un prezzo simile, ma potrai anche passeggiare nella magnifica piazza di Sahl Hasheesh con le sue fontane, fare un giro su auto elettriche lungo il viale serale di questa nuova zona ordinata e scattare foto mozzafiato per i social media!<\/p>\n<p>[\/vc_column_text][\/vc_column][vc_column width=&#8221;1\/2&#8243;][vc_images_carousel images=&#8221;794,795&#8243; img_size=&#8221;full&#8221; onclick=&#8221;link_no&#8221; autoplay=&#8221;yes&#8221; wrap=&#8221;yes&#8221;][\/vc_column][\/vc_row][vc_row][vc_column width=&#8221;1\/2&#8243;][vc_column_text]<\/p>\n<h3 data-sourcepos=\"5:1-5:47\">Cosa \u00e8 incluso nel programma dell&#8217;escursione:<\/h3>\n<ul>\n<li data-sourcepos=\"7:1-7:354\">Trasferimento dall&#8217;hotel intorno alle 14:30 (l&#8217;ora esatta verr\u00e0 confermata dopo la prenotazione; la guida fino alla prima localit\u00e0 dura tra i 10 e i 40 minuti, a seconda della posizione dell&#8217;hotel). Lungo il percorso, goditi una narrazione coinvolgente su Hurghada, gli hotel che incontri e informazioni generali sull&#8217;Egitto da una guida femminile russa.<\/li>\n<li data-sourcepos=\"7:1-7:354\">Visita alla Sand City, dove si afferma che tutte le grandi figure sono fatte di sabbia e acqua senza utilizzare materiali aggiuntivi (circa 30 minuti).<\/li>\n<li data-sourcepos=\"7:1-7:354\">Trasferimento all&#8217;inizio della zona di Sahl Hasheesh alla Porta del Faraone per una foto (5-10 minuti).<\/li>\n<li data-sourcepos=\"7:1-7:354\">Passeggiata diurna nella Piazza.<\/li>\n<li data-sourcepos=\"7:1-7:354\">Scenico giro in auto elettrica lungo la bellissima promenade verso il ponte del molo e ritorno lungo la zona del lungomare.<\/li>\n<li data-sourcepos=\"7:1-7:354\">Ammira il magnifico tramonto, dove il sole si nasconde splendidamente dietro le montagne del deserto arabo.<\/li>\n<li data-sourcepos=\"7:1-7:354\">Visita alla piazza della fontana centrale per foto notturne con lo sfondo dell&#8217;architettura araba-orientale &#8220;lussuosa&#8221;.<\/li>\n<li data-sourcepos=\"7:1-7:354\">Trasferimento di ritorno all&#8217;hotel entro le 19:00. Sulla via del ritorno, puoi vedere molti resort popolari di Hurghada, ammirarli splendidamente illuminati di notte e assicurarti di cenare in hotel.<\/li>\n<li data-sourcepos=\"7:1-7:354\">L&#8217;ordine dell&#8217;escursione pu\u00f2 variare.<\/li>\n<\/ul>\n<p>[\/vc_column_text][\/vc_column][vc_column width=&#8221;1\/2&#8243;][vc_column_text]<\/p>\n<h3 data-sourcepos=\"3:1-3:35\">Incluso nel prezzo dell&#8217;escursione:<\/h3>\n<ul data-sourcepos=\"5:1-11:0\">\n<li data-sourcepos=\"5:1-5:38\">Servizi di una guida di lingua russa<\/li>\n<li data-sourcepos=\"6:1-6:36\">Biglietto d&#8217;ingresso per Sand City<\/li>\n<li data-sourcepos=\"7:1-7:31\">Passeggiate in auto elettrica<\/li>\n<li data-sourcepos=\"8:1-11:0\">Servizi di trasporto ad Hurghada (Le aree di El Gouna e Makadi hanno un supplemento di +$10* andata e ritorno. Soma Bay e Safaga hanno un supplemento di +$20* andata e ritorno. *Il prezzo \u00e8 per una prenotazione andata e ritorno, fino a 6 persone. Il trasferimento pu\u00f2 essere condiviso.)<\/li>\n<\/ul>\n<h3 data-sourcepos=\"12:1-12:39\">Non incluso nel prezzo dell&#8217;escursione:<\/h3>\n<ul data-sourcepos=\"14:1-16:0\">\n<li data-sourcepos=\"14:1-14:34\">Acquisti presso gli stabilimenti<\/li>\n<li data-sourcepos=\"15:1-16:0\">Mance (opzionali)<\/li>\n<\/ul>\n<p data-sourcepos=\"17:1-17:40\">Bambini fino a 5 anni inclusi \u2014 Gratuito<\/p>\n<p>[\/vc_column_text][\/vc_column][\/vc_row][\/vc_section][vc_section][vc_row][vc_column]<div id=\"kapee-header-12697\" class=\"kapee-element kapee-heading text-left kapee-width-100 separator-none separator-between-heading\">\t\n\t\t\t\n\t\t\t<div class=\"heading-wrap\">\n\t\t\t<span class=\"separator-left\"><\/span>\n\t\t\t<h2 class=\"heading-title\">Domande frequenti (FAQ): <\/h2>\t\t\t<span class=\"separator-right\"><\/span>\n\t\t\t\t\t<\/div>\n\t\t\n    <\/div>[vc_toggle title=&#8221;Il vostro prezzo \u00e8 cos\u00ec basso&#8230; Probabilmente state facendo un servizio di bassa qualit\u00e0?&#8221; style=&#8221;square_outline&#8221; color=&#8221;sky&#8221;]Offriamo davvero alcuni dei prezzi pi\u00f9 bassi mantenendo un alto livello di servizio. Il motivo \u00e8 che siamo una societ\u00e0 di prenotazioni online per grandi operatori turistici in Egitto, il che ci consente di offrire prezzi molto competitivi grazie al nostro ampio volume di turisti. Prenotando con noi, ricevi un servizio di alta qualit\u00e0 senza pagare eccessivamente gli intermediari.[\/vc_toggle][vc_toggle title=&#8221;Che tipo di autobus e trasferimenti avete?&#8221; style=&#8221;square_outline&#8221; color=&#8221;sky&#8221;]Una variet\u00e0 di trasporti \u00e8 disponibile per l&#8217;uso degli organizzatori dell&#8217;evento all&#8217;interno del parco, tra cui auto, minivan e comodi autobus. Tutti i veicoli sono dotati di aria condizionata e sistemi di sicurezza. Per viaggi pi\u00f9 lunghi, vengono forniti autobus con servizi igienici. Inoltre, tutti i veicoli vengono sottoposti a regolari controlli di manutenzione e sanificazione, e possiedono le necessarie autorizzazioni turistiche. Inoltre, i conducenti vengono sottoposti a ispezioni dalla polizia turistica prima di ogni lungo viaggio.[\/vc_toggle][vc_toggle title=&#8221;Come e quando pago per il tour?&#8221; style=&#8221;square_outline&#8221; color=&#8221;sky&#8221;]Lavoriamo senza pagamento anticipato. Tutti i tour di gruppo vengono pagati sull&#8217;autobus o durante il tour stesso. Le eccezioni sono i pagamenti anticipati per i tour privati e i tour che richiedono l&#8217;acquisto di biglietti aerei o l&#8217;elaborazione di documenti. I nostri programmi principali vengono pagati direttamente durante il trasferimento o all&#8217;inizio del tour. Non \u00e8 necessario cercare qualcuno per pagare il tour. Un dipendente dell&#8217;organizzatore si avviciner\u00e0 a te. Puoi pagare in contanti in dollari USA, euro o sterline egiziane. Per la tua comodit\u00e0, offriamo anche la possibilit\u00e0 di trasferire fondi su una carta bancaria in rubli, grivnie ed euro al tasso di cambio o su un portafoglio di criptovaluta in USDT, prima del tour. Per informazioni pi\u00f9 dettagliate sui metodi di pagamento e sui rimborsi, consulta qui.[\/vc_toggle][vc_toggle title=&#8221;Hai una licenza turistica?&#8221; style=&#8221;square_outline&#8221; color=&#8221;sky&#8221;]L&#8217;Egitto \u00e8 un paese altamente regolamentato, specialmente quando si tratta di turismo. Affinch\u00e9 qualsiasi veicolo o yacht possa partire per un&#8217;escursione, \u00e8 necessario ottenere permessi giornalieri sia dalla polizia che dai militari. Se gli operatori turistici non hanno una valida licenza turistica, naturalmente non gli verranno concessi questi permessi. Ecco perch\u00e9 per alcune escursioni, potremmo richiedere copie dei vostri voucher e passaporti (questo vale per le escursioni marine a Sharm El-Sheikh, i tour privati e alcuni tour di gruppo se coinvolgono l&#8217;uscita dalla citt\u00e0. Per altre escursioni, i permessi vengono semplicemente rilasciati in base al numero di persone e non sono necessari i dettagli del passaporto).[\/vc_toggle][vc_toggle title=&#8221;Siamo assicurati durante l&#8217;escursione?&#8221; style=&#8221;square_outline&#8221; color=&#8221;sky&#8221;]<\/p>\n<p data-sourcepos=\"3:1-3:250\">Sfortunatamente, alcune guide degli hotel cercano di convincere i turisti che la loro assicurazione di viaggio \u00e8 presumibilmente invalida se prenotano escursioni con operatori turistici esterni, invece della loro stessa compagnia. Questo non \u00e8 vero.<\/p>\n<p data-sourcepos=\"5:1-5:148\">Innanzitutto, la tua assicurazione di viaggio \u00e8 valida in tutto l&#8217;Egitto, proprio come lo sarebbe se prenotassi con la compagnia di tour dell&#8217;hotel.<\/p>\n<p data-sourcepos=\"7:1-7:381\">In secondo luogo, se sei su una barca, un autobus o un altro mezzo di trasporto, l&#8217;organizzatore si assume la piena responsabilit\u00e0 assicurativa nei confronti dei passeggeri. Altrimenti, semplicemente non sarebbero in grado di ottenere un permesso per condurre attivit\u00e0 turistiche. L&#8217;Egitto ha regolamenti turistici piuttosto rigidi e sono necessari permessi prima di ogni viaggio.<\/p>\n<p>[\/vc_toggle][vc_toggle title=&#8221;Come posso recuperare un oggetto perso durante un tour?&#8221; style=&#8221;square_outline&#8221; color=&#8221;sky&#8221;]Ricordiamo sempre ai nostri ospiti di controllare attentamente di avere con s\u00e9 tutti i loro effetti personali prima di uscire dall&#8217;autobus o dallo yacht alla fine del tour. Sfortunatamente, recuperare oggetti smarriti pu\u00f2 essere piuttosto difficile a causa della partenza immediata dei veicoli per la pulizia e le complessit\u00e0 della logistica egiziana. Sebbene faremo il possibile per aiutarti a ritrovare i tuoi effetti personali, non possiamo garantire un tasso di recupero del 100%. Se riusciamo a trovare il tuo oggetto, ci sar\u00e0 una tassa di consegna di $5-10. Si prega di prestare attenzione ai propri effetti personali![\/vc_toggle][vc_toggle title=&#8221;Dovrei modificare i miei piani o aspettare per il tour?&#8221; style=&#8221;square_outline&#8221; color=&#8221;sky&#8221;]Abbiamo un significativo afflusso giornaliero di richieste di prenotazione per i nostri programmi da parte dei turisti. Di conseguenza, la maggior parte delle escursioni vengono organizzate quotidianamente o in specifici giorni della settimana seguendo un programma dettagliato fornito nella descrizione di ciascun programma. Dopo la prenotazione, ti invieremo l&#8217;ora esatta del prelievo dal tuo hotel. Molti tour saranno condotti con piccoli gruppi provenienti da vari hotel che hanno acquistato escursioni attraverso gli operatori turistici. L&#8217;unica differenza \u00e8 che i nostri prezzi sono del 40-60% pi\u00f9 bassi (i nostri organizzatori conducono tutte le principali escursioni a Hurghada e Sharm El-Sheikh per turisti di lingua russa).[\/vc_toggle][vc_toggle title=&#8221;Dove posso trovare il fotografo che ha scattato le foto durante il tour?&#8221; style=&#8221;square_outline&#8221; color=&#8221;sky&#8221;]Vorremmo informarvi che i fotografi che vi accompagnano durante le escursioni agiscono come rappresentanti indipendenti dei loro studi fotografici. Non fanno parte del nostro servizio online o del team organizzatore del programma. Tutti i termini e le condizioni relativi al servizio fotografico e al suo pagamento vengono discussi e concordati direttamente tra voi e il fotografo. Consigliamo di avvicinarsi ai pagamenti anticipati con cautela e di assicurarsi l&#8217;affidabilit\u00e0 dei servizi, nonch\u00e9 di ottenere tutte le informazioni di contatto del fotografo prima di effettuare qualsiasi pagamento.[\/vc_toggle][\/vc_column][\/vc_row][\/vc_section]<\/p>\n<\/section>","protected":false},"excerpt":{"rendered":"<p>Prezzo \u2013 adulti (dai 13 anni) $20<br \/>\nPrezzo \u2013 bambini (dai 6 ai 12 anni) $10<br \/>\nDurata stimata 5 ore<br \/>\nGiorni della settimana: Luned\u00ec, Mercoled\u00ec, Venerd\u00ec<\/p>\n<ul>\n<li class=\"lzl-ed lzl-cached\" data-lzl-bg=\"\">Prenota in 3 minuti<\/li>\n<li class=\"lzl-ed lzl-cached\" data-lzl-bg=\"\">Nessun pagamento anticipato richiesto<\/li>\n<li class=\"lzl-ed lzl-cached\" data-lzl-bg=\"\">Trasferimento dall&#8217;hotel<\/li>\n<li class=\"lzl-ed lzl-cached\" data-lzl-bg=\"\">Guida di lingua russa<\/li>\n<li class=\"lzl-ed lzl-cached\" data-lzl-bg=\"\">Assicurazione valida<\/li>\n<li class=\"lzl-ed lzl-cached\" data-lzl-bg=\"\">Nessuna tassa o commissione aggiuntiva<\/li>\n<li class=\"lzl-ed lzl-cached\" data-lzl-bg=\"\">Foto e recensioni reali<\/li>\n<li class=\"lzl-ed lzl-cached\" data-lzl-bg=\"\">Manager personale<\/li>\n<\/ul>\n","protected":false},"featured_media":202,"template":"","meta":[],"product_cat":[19],"product_tag":[],"class_list":{"0":"post-95","1":"product","2":"type-product","3":"status-publish","4":"has-post-thumbnail","6":"product_cat-hurghada-entertainment","8":"first","9":"instock","10":"shipping-taxable","11":"purchasable","12":"product-type-simple"},"_links":{"self":[{"href":"https:\/\/www.starkhattabychtours.com\/it\/wp-json\/wp\/v2\/product\/95","targetHints":{"allow":["GET"]}}],"collection":[{"href":"https:\/\/www.starkhattabychtours.com\/it\/wp-json\/wp\/v2\/product"}],"about":[{"href":"https:\/\/www.starkhattabychtours.com\/it\/wp-json\/wp\/v2\/types\/product"}],"wp:featuredmedia":[{"embeddable":true,"href":"https:\/\/www.starkhattabychtours.com\/it\/wp-json\/wp\/v2\/media\/202"}],"wp:attachment":[{"href":"https:\/\/www.starkhattabychtours.com\/it\/wp-json\/wp\/v2\/media?parent=95"}],"wp:term":[{"taxonomy":"product_cat","embeddable":true,"href":"https:\/\/www.starkhattabychtours.com\/it\/wp-json\/wp\/v2\/product_cat?post=95"},{"taxonomy":"product_tag","embeddable":true,"href":"https:\/\/www.starkhattabychtours.com\/it\/wp-json\/wp\/v2\/product_tag?post=95"}],"curies":[{"name":"wp","href":"https:\/\/api.w.org\/{rel}","templated":true}]}}