{"id":97,"date":"2024-09-04T08:35:19","date_gmt":"2024-09-04T08:35:19","guid":{"rendered":"https:\/\/www.starkhattabychtours.com\/it\/?post_type=product&#038;p=97"},"modified":"2024-10-05T09:16:15","modified_gmt":"2024-10-05T09:16:15","slug":"turkish-bath-cleopatra-hammam-and-massage","status":"publish","type":"product","link":"https:\/\/www.starkhattabychtours.com\/it\/tour\/turkish-bath-cleopatra-hammam-and-massage","title":{"rendered":"Bagno turco \u201cCleopatra\u201d (Hammam e massaggio)"},"content":{"rendered":"<section class=\"wpb-content-wrapper\"><p>[vc_section][vc_row][vc_column][vc_column_text]Ti presentiamo il bagno turco (hammam) con massaggio a Hurghada!<\/p>\n<p>Questo programma ti permetter\u00e0 di rilassarti e goderti i trattamenti in uno dei migliori centri benessere della citt\u00e0. Mentre riposi in un&#8217;atmosfera tranquilla, potrai goderti un piacevole vapore, visitare la jacuzzi, provare l&#8217;involucro &#8220;Cleopatra&#8221; e goderti massaggi di sapone e olio.<\/p>\n<p>Un hammam \u00e8 la versione orientale di un bagno russo, dove si effettuano la pulizia della pelle, i massaggi e l&#8217;alleviare lo stress. Puoi immergerti in questo mondo incredibile per sentire la vera abbondanza di sensazioni e raggiungere completa armonia con il tuo corpo e la tua anima. Tutte le procedure sono eseguite da professionisti esperti che sanno come aiutarti a recuperare energia e alleviare la fatica.<\/p>\n<p>Il programma SPA \u00e8 progettato appositamente per i turisti in vacanza in Egitto. Troverai un centro con un&#8217;area abbastanza grande per il relax, una piscina e una piccola area per i bambini. Il programma include non solo due bagni di vapore, ma anche vari tipi di massaggi, una jacuzzi e scrub con guanto kese e scaglie di cocco.<\/p>\n<p>Questi programmi sono popolari dopo un lungo volo in Egitto o per coloro che stanno per lasciare il soleggiato paese e desiderano concludere la loro vacanza con un piacevole relax.<\/p>\n<p>Una comoda auto ti porter\u00e0 dal tuo hotel al bagno turco di Hurghada e ritorno.<\/p>\n<p>Non perdere l&#8217;occasione di provare emozioni positive dai trattamenti che ti daranno una sensazione di completo relax[\/vc_column_text][\/vc_column][\/vc_row][vc_row][vc_column width=&#8221;1\/2&#8243;][vc_column_text]<\/p>\n<h2>Offriamo tre programmi principali:<\/h2>\n<h3>Programma #1: Bagno Turco, Prezzo: Adulti $15, Bambini $10<\/h3>\n<ul>\n<li>Trasferimento dall&#8217;hotel al centro benessere;<\/li>\n<li>Stanza di vapore secco, 10-15 minuti;<\/li>\n<li>Sauna hammam con vapore umido, 10-15 minuti;<\/li>\n<li>Peeling con guanto kese + massaggio con schiuma di sapone, 20-25 minuti;<\/li>\n<li>Jacuzzi e tempo di relax, bevande (t\u00e8 all&#8217;ibisco, acqua), 15-20 minuti;<br \/>\nRitorno in hotel.<\/li>\n<\/ul>\n<h3>Programma #2 (Completo): SPA-Cleopatra, Prezzo: Adulti $20, Bambini $13<\/h3>\n<ul>\n<li>Trasferimento dall&#8217;hotel al centro benessere;<\/li>\n<li>Stanza di vapore secco, 10-15 minuti;<\/li>\n<li>Sauna hammam con vapore umido, 10-15 minuti;<\/li>\n<li>Peeling con guanto kese + massaggio con schiuma di sapone, 20-25 minuti;<\/li>\n<li>Peeling al cocco con avvolgimento + maschera facciale &#8220;Cleopatra&#8221;;<\/li>\n<li>Jacuzzi e tempo di relax, bevande (t\u00e8 all&#8217;ibisco, acqua), 15-20 minuti;<\/li>\n<li>Massaggio rilassante per tutto il corpo, 45 minuti;<\/li>\n<li>Ritorno in hotel.<\/li>\n<\/ul>\n<h5>Esiste l&#8217;opzione di scegliere il programma VIP per essere separati dagli altri ospiti, supplemento di $20 a persona (+$7 per bambino), da prenotare un giorno prima della partenza<\/h5>\n<p>[\/vc_column_text][\/vc_column][vc_column width=&#8221;1\/2&#8243;][vc_column_text]<\/p>\n<h3 data-sourcepos=\"3:1-3:65\"><strong>Program #3: Massaggio Medico, Prezzo: Adulti $20, Bambini $12<\/strong><\/h3>\n<p data-sourcepos=\"5:1-8:17\">Trasferimento dall&#8217;hotel al centro benessere; Sessione di massaggio medico generale, 60 minuti; Tempo di riposo, bevande (t\u00e8 all&#8217;ibisco, acqua), 15-30 minuti; Ritorno in hotel.<\/p>\n<p data-sourcepos=\"10:1-12:349\">Incluso nel prezzo dell&#8217;escursione: Tutti gli elementi del programma descritti; Servizi di trasporto ad Hurghada (per gli hotel nelle aree di El Gouna, Sahl Hasheesh e Makadi, un supplemento di $10* per entrambi i viaggi. Per le aree di Soma Bay e Safaga, un supplemento di $20* per entrambi i viaggi. *Il costo \u00e8 indicato per una prenotazione per entrambi i viaggi, fino a 6 persone. Il trasferimento potrebbe essere condiviso)<\/p>\n<p>[\/vc_column_text][\/vc_column][\/vc_row][vc_row][vc_column][vc_column_text]<\/p>\n<h2 data-sourcepos=\"1:1-1:46\">Ecco una traduzione in italiano del paragrafo:<\/h2>\n<p data-sourcepos=\"3:1-3:109\"><strong>Cosa non \u00e8 incluso nel prezzo del tour:<\/strong> Bevande aggiuntive non specificate nei programmi ($2-4 ciascuna).<\/p>\n<h3 data-sourcepos=\"5:1-5:28\">Informazioni aggiuntive:<\/h3>\n<ul>\n<li data-sourcepos=\"7:1-7:89\">Per gli uomini, il massaggiatore \u00e8 maschile; per le donne, la massaggiatrice \u00e8 femminile.<\/li>\n<li data-sourcepos=\"7:1-7:89\">Alla reception \u00e8 disponibile una cassaforte per i valori.<\/li>\n<li data-sourcepos=\"7:1-7:89\">Si consiglia di andare al mattino o all&#8217;ora di pranzo, quando c&#8217;\u00e8 meno gente e pi\u00f9 spazio.<\/li>\n<li data-sourcepos=\"7:1-7:89\">Per i bambini di et\u00e0 compresa tra 6 e 8 anni, il massaggio \u00e8 limitato a 10-20 minuti.<\/li>\n<\/ul>\n<h5 data-sourcepos=\"15:1-15:338\">Si prega di notare che il centro termale &#8220;Sultan&#8221; \u00e8 pubblico e situato vicino all&#8217;aeroporto. \u00c8 uno dei migliori della citt\u00e0 e funziona secondo lo stesso principio di tutti gli altri complessi simili. Se \u00e8 importante per te essere separato dagli altri visitatori e non sentirti &#8220;in un flusso&#8221;, ti consigliamo di scegliere il programma VIP.<\/h5>\n<p>[\/vc_column_text][\/vc_column][\/vc_row][\/vc_section][vc_section][vc_row][vc_column]<div id=\"kapee-header-60133\" class=\"kapee-element kapee-heading text-left kapee-width-100 separator-none separator-between-heading\">\t\n\t\t\t\n\t\t\t<div class=\"heading-wrap\">\n\t\t\t<span class=\"separator-left\"><\/span>\n\t\t\t<h2 class=\"heading-title\">Domande frequenti (FAQ): <\/h2>\t\t\t<span class=\"separator-right\"><\/span>\n\t\t\t\t\t<\/div>\n\t\t\n    <\/div>[vc_toggle title=&#8221;Il vostro prezzo \u00e8 cos\u00ec basso&#8230; Probabilmente state facendo un servizio di bassa qualit\u00e0?&#8221; style=&#8221;square_outline&#8221; color=&#8221;sky&#8221;]Offriamo davvero alcuni dei prezzi pi\u00f9 bassi mantenendo un alto livello di servizio. Il motivo \u00e8 che siamo una societ\u00e0 di prenotazioni online per grandi operatori turistici in Egitto, il che ci consente di offrire prezzi molto competitivi grazie al nostro ampio volume di turisti. Prenotando con noi, ricevi un servizio di alta qualit\u00e0 senza pagare eccessivamente gli intermediari.[\/vc_toggle][vc_toggle title=&#8221;Che tipo di autobus e trasferimenti avete?&#8221; style=&#8221;square_outline&#8221; color=&#8221;sky&#8221;]Una variet\u00e0 di trasporti \u00e8 disponibile per l&#8217;uso degli organizzatori dell&#8217;evento all&#8217;interno del parco, tra cui auto, minivan e comodi autobus. Tutti i veicoli sono dotati di aria condizionata e sistemi di sicurezza. Per viaggi pi\u00f9 lunghi, vengono forniti autobus con servizi igienici. Inoltre, tutti i veicoli vengono sottoposti a regolari controlli di manutenzione e sanificazione, e possiedono le necessarie autorizzazioni turistiche. Inoltre, i conducenti vengono sottoposti a ispezioni dalla polizia turistica prima di ogni lungo viaggio.[\/vc_toggle][vc_toggle title=&#8221;Come e quando pago per il tour?&#8221; style=&#8221;square_outline&#8221; color=&#8221;sky&#8221;]Lavoriamo senza pagamento anticipato. Tutti i tour di gruppo vengono pagati sull&#8217;autobus o durante il tour stesso. Le eccezioni sono i pagamenti anticipati per i tour privati e i tour che richiedono l&#8217;acquisto di biglietti aerei o l&#8217;elaborazione di documenti. I nostri programmi principali vengono pagati direttamente durante il trasferimento o all&#8217;inizio del tour. Non \u00e8 necessario cercare qualcuno per pagare il tour. Un dipendente dell&#8217;organizzatore si avviciner\u00e0 a te. Puoi pagare in contanti in dollari USA, euro o sterline egiziane. Per la tua comodit\u00e0, offriamo anche la possibilit\u00e0 di trasferire fondi su una carta bancaria in rubli, grivnie ed euro al tasso di cambio o su un portafoglio di criptovaluta in USDT, prima del tour. Per informazioni pi\u00f9 dettagliate sui metodi di pagamento e sui rimborsi, consulta qui.[\/vc_toggle][vc_toggle title=&#8221;Hai una licenza turistica?&#8221; style=&#8221;square_outline&#8221; color=&#8221;sky&#8221;]L&#8217;Egitto \u00e8 un paese altamente regolamentato, specialmente quando si tratta di turismo. Affinch\u00e9 qualsiasi veicolo o yacht possa partire per un&#8217;escursione, \u00e8 necessario ottenere permessi giornalieri sia dalla polizia che dai militari. Se gli operatori turistici non hanno una valida licenza turistica, naturalmente non gli verranno concessi questi permessi. Ecco perch\u00e9 per alcune escursioni, potremmo richiedere copie dei vostri voucher e passaporti (questo vale per le escursioni marine a Sharm El-Sheikh, i tour privati e alcuni tour di gruppo se coinvolgono l&#8217;uscita dalla citt\u00e0. Per altre escursioni, i permessi vengono semplicemente rilasciati in base al numero di persone e non sono necessari i dettagli del passaporto).[\/vc_toggle][vc_toggle title=&#8221;Siamo assicurati durante l&#8217;escursione?&#8221; style=&#8221;square_outline&#8221; color=&#8221;sky&#8221;]<\/p>\n<p data-sourcepos=\"3:1-3:250\">Sfortunatamente, alcune guide degli hotel cercano di convincere i turisti che la loro assicurazione di viaggio \u00e8 presumibilmente invalida se prenotano escursioni con operatori turistici esterni, invece della loro stessa compagnia. Questo non \u00e8 vero.<\/p>\n<p data-sourcepos=\"5:1-5:148\">Innanzitutto, la tua assicurazione di viaggio \u00e8 valida in tutto l&#8217;Egitto, proprio come lo sarebbe se prenotassi con la compagnia di tour dell&#8217;hotel.<\/p>\n<p data-sourcepos=\"7:1-7:381\">In secondo luogo, se sei su una barca, un autobus o un altro mezzo di trasporto, l&#8217;organizzatore si assume la piena responsabilit\u00e0 assicurativa nei confronti dei passeggeri. Altrimenti, semplicemente non sarebbero in grado di ottenere un permesso per condurre attivit\u00e0 turistiche. L&#8217;Egitto ha regolamenti turistici piuttosto rigidi e sono necessari permessi prima di ogni viaggio.<\/p>\n<p>[\/vc_toggle][vc_toggle title=&#8221;Come posso recuperare un oggetto perso durante un tour?&#8221; style=&#8221;square_outline&#8221; color=&#8221;sky&#8221;]Ricordiamo sempre ai nostri ospiti di controllare attentamente di avere con s\u00e9 tutti i loro effetti personali prima di uscire dall&#8217;autobus o dallo yacht alla fine del tour. Sfortunatamente, recuperare oggetti smarriti pu\u00f2 essere piuttosto difficile a causa della partenza immediata dei veicoli per la pulizia e le complessit\u00e0 della logistica egiziana. Sebbene faremo il possibile per aiutarti a ritrovare i tuoi effetti personali, non possiamo garantire un tasso di recupero del 100%. Se riusciamo a trovare il tuo oggetto, ci sar\u00e0 una tassa di consegna di $5-10. Si prega di prestare attenzione ai propri effetti personali![\/vc_toggle][vc_toggle title=&#8221;Dovrei modificare i miei piani o aspettare per il tour?&#8221; style=&#8221;square_outline&#8221; color=&#8221;sky&#8221;]Abbiamo un significativo afflusso giornaliero di richieste di prenotazione per i nostri programmi da parte dei turisti. Di conseguenza, la maggior parte delle escursioni vengono organizzate quotidianamente o in specifici giorni della settimana seguendo un programma dettagliato fornito nella descrizione di ciascun programma. Dopo la prenotazione, ti invieremo l&#8217;ora esatta del prelievo dal tuo hotel. Molti tour saranno condotti con piccoli gruppi provenienti da vari hotel che hanno acquistato escursioni attraverso gli operatori turistici. L&#8217;unica differenza \u00e8 che i nostri prezzi sono del 40-60% pi\u00f9 bassi (i nostri organizzatori conducono tutte le principali escursioni a Hurghada e Sharm El-Sheikh per turisti di lingua russa).[\/vc_toggle][vc_toggle title=&#8221;Dove posso trovare il fotografo che ha scattato le foto durante il tour?&#8221; style=&#8221;square_outline&#8221; color=&#8221;sky&#8221;]Vorremmo informarvi che i fotografi che vi accompagnano durante le escursioni agiscono come rappresentanti indipendenti dei loro studi fotografici. Non fanno parte del nostro servizio online o del team organizzatore del programma. Tutti i termini e le condizioni relativi al servizio fotografico e al suo pagamento vengono discussi e concordati direttamente tra voi e il fotografo. Consigliamo di avvicinarsi ai pagamenti anticipati con cautela e di assicurarsi l&#8217;affidabilit\u00e0 dei servizi, nonch\u00e9 di ottenere tutte le informazioni di contatto del fotografo prima di effettuare qualsiasi pagamento.[\/vc_toggle][\/vc_column][\/vc_row][\/vc_section]<\/p>\n<\/section>","protected":false},"excerpt":{"rendered":"<p>Prezzo \u2013 Adulti (dai 13 anni) da $15<br \/>\nPrezzo \u2013 Bambini (dai 6 ai 12 anni) $10\/$13<br \/>\nDurata stimata 2-3 ore<br \/>\nGiorni della settimana Quotidiano<\/p>\n<ul>\n<li>Prenota in 3 minuti<\/li>\n<li>Nessun pagamento anticipato richiesto<\/li>\n<li>Trasferimento in hotel incluso<\/li>\n<li>Assicurazione valida<\/li>\n<li>Guida di lingua russa<\/li>\n<li>Foto e recensioni reali<\/li>\n<li>Gestore personale<\/li>\n<\/ul>\n","protected":false},"featured_media":207,"template":"","meta":[],"product_cat":[19],"product_tag":[],"class_list":{"0":"post-97","1":"product","2":"type-product","3":"status-publish","4":"has-post-thumbnail","6":"product_cat-hurghada-entertainment","8":"first","9":"instock","10":"shipping-taxable","11":"purchasable","12":"product-type-simple"},"_links":{"self":[{"href":"https:\/\/www.starkhattabychtours.com\/it\/wp-json\/wp\/v2\/product\/97","targetHints":{"allow":["GET"]}}],"collection":[{"href":"https:\/\/www.starkhattabychtours.com\/it\/wp-json\/wp\/v2\/product"}],"about":[{"href":"https:\/\/www.starkhattabychtours.com\/it\/wp-json\/wp\/v2\/types\/product"}],"wp:featuredmedia":[{"embeddable":true,"href":"https:\/\/www.starkhattabychtours.com\/it\/wp-json\/wp\/v2\/media\/207"}],"wp:attachment":[{"href":"https:\/\/www.starkhattabychtours.com\/it\/wp-json\/wp\/v2\/media?parent=97"}],"wp:term":[{"taxonomy":"product_cat","embeddable":true,"href":"https:\/\/www.starkhattabychtours.com\/it\/wp-json\/wp\/v2\/product_cat?post=97"},{"taxonomy":"product_tag","embeddable":true,"href":"https:\/\/www.starkhattabychtours.com\/it\/wp-json\/wp\/v2\/product_tag?post=97"}],"curies":[{"name":"wp","href":"https:\/\/api.w.org\/{rel}","templated":true}]}}